{"id":496,"date":"2023-07-10T14:15:57","date_gmt":"2023-07-10T05:15:57","guid":{"rendered":"http:\/\/futaba-s.co.jp\/?page_id=496"},"modified":"2025-03-04T16:16:30","modified_gmt":"2025-03-04T07:16:30","slug":"otoiawase","status":"publish","type":"page","link":"https:\/\/futaba-s.co.jp\/vi\/otoiawase.html","title":{"rendered":"cu\u1ed9c \u0111i\u1ec1u tra"},"content":{"rendered":"<div class=\"introduction_sub contact_area wrap\" data-scroll=\"a-fadeUp\">\r\n    <div class=\"g-box_btm\">\r\n        M\u1ecdi th\u1eafc m\u1eafc, vui l\u00f2ng li\u00ean h\u1ec7 v\u1edbi ch\u00fang t\u00f4i qua m\u1eabu email sau ho\u1eb7c qua \u0111i\u1ec7n tho\u1ea1i.<br>\r\n        <a href=\"\/vi\/kojin.html\">Vui l\u00f2ng tham kh\u1ea3o t\u1ea1i \u0111\u00e2y \u0111\u1ec3 b\u1ea3o v\u1ec7 th\u00f4ng tin c\u00e1 nh\u00e2n.<\/a>\r\n    <\/div>\r\n    <div class=\"g-box\">\r\n        \n<div class=\"wpcf7 no-js\" id=\"wpcf7-f645-o1\" lang=\"ja\" dir=\"ltr\" data-wpcf7-id=\"645\">\n<div class=\"screen-reader-response\"><p role=\"status\" aria-live=\"polite\" aria-atomic=\"true\"><\/p> <ul><\/ul><\/div>\n<form action=\"\/vi\/wp-json\/wp\/v2\/pages\/496#wpcf7-f645-o1\" method=\"post\" class=\"wpcf7-form init\" aria-label=\"\u30b3\u30f3\u30bf\u30af\u30c8\u30d5\u30a9\u30fc\u30e0\" novalidate=\"novalidate\" data-status=\"init\">\n<div style=\"display: none;\">\n<input type=\"hidden\" name=\"_wpcf7\" value=\"645\" \/>\n<input type=\"hidden\" name=\"_wpcf7_version\" value=\"6.0.6\" \/>\n<input type=\"hidden\" name=\"_wpcf7_locale\" value=\"ja\" \/>\n<input type=\"hidden\" name=\"_wpcf7_unit_tag\" value=\"wpcf7-f645-o1\" \/>\n<input type=\"hidden\" name=\"_wpcf7_container_post\" value=\"0\" \/>\n<input type=\"hidden\" name=\"_wpcf7_posted_data_hash\" value=\"\" \/>\n<input type=\"hidden\" name=\"_wpcf7_recaptcha_response\" value=\"\" \/>\n<\/div>\n<div class=\"contact_box\">\n\t<div class=\"contact_ttl\">\n\t\t<p>N\u1ed9i dung \u0111i\u1ec1u tra<span class=\"attn\">[y\u00eau c\u1ea7u]<\/span>\n\t\t<\/p>\n\t<\/div>\n\t<div class=\"contact_contents\">\n\t\t<p><span class=\"wpcf7-form-control-wrap\" data-name=\"your-contact\"><select class=\"wpcf7-form-control wpcf7-select wpcf7-validates-as-required\" aria-required=\"true\" aria-invalid=\"false\" name=\"your-contact\"><option value=\"S\u1ea3n ph\u1ea9m\">S\u1ea3n ph\u1ea9m<\/option><option value=\"Tuy\u1ec3n d\u1ee5ng\">Tuy\u1ec3n d\u1ee5ng<\/option><option value=\"Y\u00eau c\u1ea7u kh\u00e1c\">Y\u00eau c\u1ea7u kh\u00e1c<\/option><\/select><\/span>\n\t\t<\/p>\n\t<\/div>\n<\/div>\n<div class=\"contact_box\">\n\t<div class=\"contact_ttl\">\n\t\t<p>t\u00ean<span class=\"attn\">[y\u00eau c\u1ea7u]<\/span>\n\t\t<\/p>\n\t<\/div>\n\t<div class=\"contact_contents\">\n\t\t<p><span class=\"wpcf7-form-control-wrap\" data-name=\"your-name\"><input size=\"40\" maxlength=\"400\" class=\"wpcf7-form-control wpcf7-text wpcf7-validates-as-required\" aria-required=\"true\" aria-invalid=\"false\" value=\"\" type=\"text\" name=\"your-name\" \/><\/span>\n\t\t<\/p>\n\t<\/div>\n<\/div>\n<div class=\"contact_box\">\n\t<div class=\"contact_ttl\">\n\t\t<p>\u0111\u1ecba ch\u1ec9 th\u01b0 \u0111i\u1ec7n t\u1eed<span class=\"attn\">[y\u00eau c\u1ea7u]<\/span>\n\t\t<\/p>\n\t<\/div>\n\t<div class=\"contact_contents\">\n\t\t<p><span class=\"wpcf7-form-control-wrap\" data-name=\"your-email\"><input size=\"40\" maxlength=\"400\" class=\"wpcf7-form-control wpcf7-email wpcf7-validates-as-required wpcf7-text wpcf7-validates-as-email\" aria-required=\"true\" aria-invalid=\"false\" value=\"\" type=\"email\" name=\"your-email\" \/><\/span>\n\t\t<\/p>\n\t<\/div>\n<\/div>\n<div class=\"contact_box\">\n\t<div class=\"contact_ttl\">\n\t\t<p>s\u1ed1 \u0111i\u1ec7n tho\u1ea1i\n\t\t<\/p>\n\t<\/div>\n\t<div class=\"contact_contents\">\n\t\t<p><span class=\"wpcf7-form-control-wrap\" data-name=\"your-tel\"><input size=\"40\" maxlength=\"400\" class=\"wpcf7-form-control wpcf7-tel wpcf7-text wpcf7-validates-as-tel\" aria-invalid=\"false\" value=\"\" type=\"tel\" name=\"your-tel\" \/><\/span>\n\t\t<\/p>\n\t<\/div>\n<\/div>\n<div class=\"contact_box\">\n\t<div class=\"contact_ttl\">\n\t\t<p>\u0110\u1ecba ch\u1ec9\n\t\t<\/p>\n\t<\/div>\n\t<div class=\"contact_contents\">\n\t\t<div class=\"mini_contents\">\n\t\t\t<p><span class=\"wpcf7-form-control-wrap\" data-name=\"your-address\"><input size=\"40\" maxlength=\"400\" class=\"wpcf7-form-control wpcf7-text\" aria-invalid=\"false\" placeholder=\"V\u00ed d\u1ee5: 2-1-27 Dojima, Ph\u01b0\u1eddng Kita, Th\u00e0nh ph\u1ed1 Osaka\" value=\"\" type=\"text\" name=\"your-address\" \/><\/span>\n\t\t\t<\/p>\n\t\t<\/div>\n\t<\/div>\n<\/div>\n<div class=\"contact_box\">\n\t<div class=\"contact_ttl\">\n\t\t<p>N\u1ed9i dung th\u01b0<span class=\"attn\">[y\u00eau c\u1ea7u]<\/span>\n\t\t<\/p>\n\t<\/div>\n\t<div class=\"contact_contents\">\n\t\t<p><span class=\"wpcf7-form-control-wrap\" data-name=\"your-message\"><textarea cols=\"40\" rows=\"10\" maxlength=\"2000\" class=\"wpcf7-form-control wpcf7-textarea wpcf7-validates-as-required\" aria-required=\"true\" aria-invalid=\"false\" name=\"your-message\"><\/textarea><\/span>\n\t\t<\/p>\n\t<\/div>\n<\/div>\n<div class=\"contact_submit\">\n\t<p><input class=\"wpcf7-form-control wpcf7-submit has-spinner\" type=\"submit\" value=\"g\u1eedi\" \/>\n\t<\/p>\n<\/div><p style=\"display: none !important;\" class=\"akismet-fields-container\" data-prefix=\"_wpcf7_ak_\"><label>&#916;<textarea name=\"_wpcf7_ak_hp_textarea\" cols=\"45\" rows=\"8\" maxlength=\"100\"><\/textarea><\/label><input type=\"hidden\" id=\"ak_js_1\" name=\"_wpcf7_ak_js\" value=\"141\"\/><script>document.getElementById( \"ak_js_1\" ).setAttribute( \"value\", ( new Date() ).getTime() );<\/script><\/p><div class=\"wpcf7-response-output\" aria-hidden=\"true\"><\/div>\n<\/form>\n<\/div>\n\r\n    <\/div>\r\n<\/div>\r\n","protected":false},"excerpt":{"rendered":"M\u1ecdi th\u1eafc m\u1eafc, vui l\u00f2ng li\u00ean h\u1ec7 v\u1edbi ch\u00fang t\u00f4i qua m\u1eabu email sau ho\u1eb7c qua \u0111i\u1ec7n tho\u1ea1i. Vui l\u00f2ng tham kh\u1ea3o t\u1ea1i \u0111\u00e2y &hellip; <p class=\"link-more\"><a href=\"https:\/\/futaba-s.co.jp\/vi\/otoiawase.html\" class=\"more-link\">Continue reading<span class=\"screen-reader-text\"> &#8220;cu\u1ed9c \u0111i\u1ec1u tra&#8221;<\/span><\/a><\/p>","protected":false},"author":5,"featured_media":104,"parent":0,"menu_order":0,"comment_status":"closed","ping_status":"closed","template":"","meta":{"_locale":"vi","_original_post":"http:\/\/futaba-s.co.jp\/?page_id=44","footnotes":""},"class_list":["post-496","page","type-page","status-publish","has-post-thumbnail","hentry","vi"],"aioseo_notices":[],"_links":{"self":[{"href":"https:\/\/futaba-s.co.jp\/wp-json\/wp\/v2\/pages\/496","targetHints":{"allow":["GET"]}}],"collection":[{"href":"https:\/\/futaba-s.co.jp\/wp-json\/wp\/v2\/pages"}],"about":[{"href":"https:\/\/futaba-s.co.jp\/wp-json\/wp\/v2\/types\/page"}],"author":[{"embeddable":true,"href":"https:\/\/futaba-s.co.jp\/wp-json\/wp\/v2\/users\/5"}],"replies":[{"embeddable":true,"href":"https:\/\/futaba-s.co.jp\/wp-json\/wp\/v2\/comments?post=496"}],"version-history":[{"count":5,"href":"https:\/\/futaba-s.co.jp\/wp-json\/wp\/v2\/pages\/496\/revisions"}],"predecessor-version":[{"id":996,"href":"https:\/\/futaba-s.co.jp\/wp-json\/wp\/v2\/pages\/496\/revisions\/996"}],"wp:featuredmedia":[{"embeddable":true,"href":"https:\/\/futaba-s.co.jp\/wp-json\/wp\/v2\/media\/104"}],"wp:attachment":[{"href":"https:\/\/futaba-s.co.jp\/wp-json\/wp\/v2\/media?parent=496"}],"curies":[{"name":"wp","href":"https:\/\/api.w.org\/{rel}","templated":true}]}}