{"id":502,"date":"2023-08-01T12:22:01","date_gmt":"2023-08-01T03:22:01","guid":{"rendered":"http:\/\/futaba-s.co.jp\/?page_id=502"},"modified":"2026-03-31T15:27:23","modified_gmt":"2026-03-31T06:27:23","slug":"goaisatu","status":"publish","type":"page","link":"https:\/\/futaba-s.co.jp\/vi\/goaisatu.html","title":{"rendered":"L\u1eddi ch\u00e0o"},"content":{"rendered":"<div class=\"introduction_sub greet_area\" data-scroll=\"a-fadeUp\">\r\n    <div class=\"g-box\">\r\n        <h2 class=\"under_ttl\">L\u1eddi ch\u00e0o<span>message<\/span><\/h2>\r\n        <div class=\"flexbox greet_top\">\r\n            <div class=\"img_top-p\">\r\n\r\n            <\/div>\r\n            <div class=\"txt_top-p\">\r\n                <p>\r\n                    K\u1ec3 t\u1eeb khi th\u00e0nh l\u1eadp, ch\u00fang t\u00f4i \u0111\u00e3 ti\u1ebfp t\u1ee5c \u0111\u00f3ng m\u1ed9t vai tr\u00f2 trong ng\u00e0nh c\u00f4ng nghi\u1ec7p \u00f4 t\u00f4 th\u00f4ng qua vi\u1ec7c s\u1ea3n xu\u1ea5t c\u00e1c b\u1ed9 ph\u1eadn n\u1ed9i th\u1ea5t n\u00f3i chung, b\u1eaft \u0111\u1ea7u v\u1edbi b\u1ecdc gh\u1ebf \u00f4 t\u00f4.<br>\r\n                    Ch\u00fang t\u00f4i lu\u00f4n quan t\u00e2m \u0111\u1ebfn nhu c\u1ea7u \u0111a d\u1ea1ng h\u00f3a, n\u1ed7 l\u1ef1c n\u00e2ng cao hi\u1ec7u qu\u1ea3 s\u1ea3n xu\u1ea5t v\u00e0 gi\u1ea3m chi ph\u00ed, \u0111\u1ed3ng th\u1eddi ph\u00e1t tri\u1ec3n c\u00e1c c\u00f4ng ngh\u1ec7 \u0111\u1eb3ng c\u1ea5p th\u1ebf gi\u1edbi v\u1edbi m\u1ee5c ti\u00eau t\u1ea1o ra \u201cnh\u1eefng s\u1ea3n ph\u1ea9m kh\u00e1c\u201d.<br>H\u1ec7 th\u1ed1ng ti\u1ebfp t\u1ee5c ph\u00e1t tri\u1ec3n t\u1ea1i c\u00e1c nh\u00e0 m\u00e1y \u1edf Nh\u1eadt B\u1ea3n v\u00e0 n\u01b0\u1edbc ngo\u00e0i.\r\n                <\/p>\r\n                <p>\r\n                    Ngo\u00e0i ra, t\u1ea1i m\u1ecdi th\u1eddi \u0111i\u1ec3m, ch\u00fang t\u00f4i kh\u00f4ng \u0111i ch\u1ec7ch kh\u1ecfi nguy\u00ean t\u1eafc c\u01a1 b\u1ea3n l\u00e0 &#8220;s\u1ea3n xu\u1ea5t t\u1eeb \u200b\u200bquan \u0111i\u1ec3m c\u1ee7a kh\u00e1ch h\u00e0ng&#8221; v\u00e0 ch\u00fang t\u00f4i cung c\u1ea5p c\u00e1c s\u1ea3n ph\u1ea9m \u0111a d\u1ea1ng v\u1edbi t\u01b0 duy v\u00e0 h\u00e0nh \u0111\u1ed9ng linh ho\u1ea1t, t\u1eadn d\u1ee5ng nh\u1eefng kinh nghi\u1ec7m trong qu\u00e1 kh\u1ee9 nh\u01b0ng kh\u00f4ng b\u1ecb r\u00e0ng bu\u1ed9c b\u1edfi ch\u00fang. tinh th\u1ea7n \u0111\u00e3 \u0103n s\u00e2u v\u00e0o tr\u00e1i tim c\u1ee7a t\u1ea5t c\u1ea3 nh\u00e2n vi\u00ean. Ng\u00e0nh c\u00f4ng nghi\u1ec7p \u00f4 t\u00f4 kh\u00f4ng ng\u1eebng thay \u0111\u1ed5i.<br>\r\n                    V\u1edbi kh\u1ea9u hi\u1ec7u &#8220;kh\u00e1ch h\u00e0ng l\u00e0 tr\u00ean h\u1ebft&#8221;, ch\u00fang t\u00f4i s\u1ebd ti\u1ebfp t\u1ee5c \u0111\u1ed1i m\u1eb7t v\u1edbi th\u00e1ch th\u1ee9c ph\u00e1t tri\u1ec3n c\u00e1c s\u1ea3n ph\u1ea9m g\u1ed1c, n\u00e2ng cao ch\u1ea5t l\u01b0\u1ee3ng v\u00e0 gi\u1ea3m chi ph\u00ed. Ch\u00fang t\u00f4i s\u1ebd th\u1ef1c hi\u1ec7n c\u00e1c ho\u1ea1t \u0111\u1ed9ng c\u1ee7a c\u00f4ng ty b\u1eb1ng c\u00e1ch t\u1ed1i \u0111a h\u00f3a v\u00e0 t\u1eadp trung c\u00e1c th\u1ebf m\u1ea1nh c\u1ee7a m\u00ecnh.\r\n                <\/p>\r\n                <div class=\"top_name_r\">\r\n                    <span>CEO<\/span>Akiyoshi Yamada\r\n                <\/div>\r\n            <\/div>\r\n        <\/div>\r\n    <\/div>\r\n<\/div>\r\n<div class=\"introduction_sub greet_area\" data-scroll=\"a-fadeUp\" id=\"policy\">\r\n    <div class=\"g-box\">\r\n        <h2 class=\"under_ttl\">ch\u00ednh s\u00e1ch ch\u1ea5t l\u01b0\u1ee3ng<span>policy<\/span><\/h2>\r\n        <div class=\"flexbox policy_area\">\r\n            <div class=\"img_left\">\r\n                <img decoding=\"async\" src=\"..\/wp-content\/themes\/yodoq_theme2\/assets\/images\/company\/msg_img.jpg\" alt=\"Nh\u00e0 m\u00e1y c\u00f4ng nghi\u1ec7p Futaba\">\r\n            <\/div>\r\n            <div class=\"txt_right\">\r\n                <h3 class=\"policy_msg\">Ch\u00fang t\u00f4i \u0111\u00f3ng g\u00f3p cho x\u00e3 h\u1ed9i b\u1eb1ng c\u00e1ch cung c\u1ea5p c\u00e1c s\u1ea3n ph\u1ea9m mang l\u1ea1i s\u1ef1 an t\u00e2m v\u00e0 h\u1ee9ng th\u00fa cho m\u1ecdi ng\u01b0\u1eddi tr\u00ean kh\u1eafp th\u1ebf gi\u1edbi.<\/h3>\r\n                <ol>\r\n                     <li>\r\n                        Ch\u00fang t\u00f4i s\u1ebd lu\u00f4n n\u1eafm b\u1eaft ch\u00ednh x\u00e1c nhu c\u1ea7u v\u00e0 mong \u0111\u1ee3i c\u1ee7a kh\u00e1ch h\u00e0ng v\u00e0 cung c\u1ea5p nh\u1eefng s\u1ea3n ph\u1ea9m \u0111\u01b0\u1ee3c h\u1ecd tin t\u01b0\u1edfng.\r\n                     <\/li>\r\n                     <li>\r\n                        \u0110\u1eb7t m\u1ee5c ti\u00eau ch\u1ea5t l\u01b0\u1ee3ng c\u1ee7a c\u00f4ng ty v\u00e0 \u0111\u1ea1t \u0111\u01b0\u1ee3c ch\u00fang theo ch\u00ednh s\u00e1ch ch\u1ea5t l\u01b0\u1ee3ng.\r\n                     <\/li>\r\n                     <li>\r\n                        Ch\u00fang ta tu\u00e2n th\u1ee7 lu\u1eadt ph\u00e1p v\u00e0 c\u00e1c quy \u0111\u1ecbnh, \u0111\u1ed3ng th\u1eddi cung c\u1ea5p c\u00e1c s\u1ea3n ph\u1ea9m an to\u00e0n v\u00e0 b\u1ea3o m\u1eadt.\r\n                     <\/li>\r\n                     <li>\r\n                        Ch\u00fang ta thi\u1ebft l\u1eadp, th\u1ef1c hi\u1ec7n, duy tr\u00ec v\u00e0 c\u1ea3i ti\u1ebfn li\u00ean t\u1ee5c h\u1ec7 th\u1ed1ng qu\u1ea3n l\u00fd ch\u1ea5t l\u01b0\u1ee3ng c\u1ee7a m\u00ecnh. \r\n                     <\/li>\r\n                <\/ol>\r\n            <\/div>\r\n        <\/div>\r\n    <\/div>\r\n<\/div>","protected":false},"excerpt":{"rendered":"L\u1eddi ch\u00e0omessage K\u1ec3 t\u1eeb khi th\u00e0nh l\u1eadp, ch\u00fang t\u00f4i \u0111\u00e3 ti\u1ebfp t\u1ee5c \u0111\u00f3ng m\u1ed9t vai tr\u00f2 trong ng\u00e0nh c\u00f4ng nghi\u1ec7p \u00f4 t\u00f4 th\u00f4ng &hellip; <p class=\"link-more\"><a href=\"https:\/\/futaba-s.co.jp\/vi\/goaisatu.html\" class=\"more-link\">Continue reading<span class=\"screen-reader-text\"> &#8220;L\u1eddi ch\u00e0o&#8221;<\/span><\/a><\/p>","protected":false},"author":5,"featured_media":473,"parent":0,"menu_order":0,"comment_status":"closed","ping_status":"closed","template":"","meta":{"_locale":"vi","_original_post":"http:\/\/futaba-s.co.jp\/?page_id=32","footnotes":""},"class_list":["post-502","page","type-page","status-publish","has-post-thumbnail","hentry","vi"],"aioseo_notices":[],"_links":{"self":[{"href":"https:\/\/futaba-s.co.jp\/wp-json\/wp\/v2\/pages\/502","targetHints":{"allow":["GET"]}}],"collection":[{"href":"https:\/\/futaba-s.co.jp\/wp-json\/wp\/v2\/pages"}],"about":[{"href":"https:\/\/futaba-s.co.jp\/wp-json\/wp\/v2\/types\/page"}],"author":[{"embeddable":true,"href":"https:\/\/futaba-s.co.jp\/wp-json\/wp\/v2\/users\/5"}],"replies":[{"embeddable":true,"href":"https:\/\/futaba-s.co.jp\/wp-json\/wp\/v2\/comments?post=502"}],"version-history":[{"count":5,"href":"https:\/\/futaba-s.co.jp\/wp-json\/wp\/v2\/pages\/502\/revisions"}],"predecessor-version":[{"id":1072,"href":"https:\/\/futaba-s.co.jp\/wp-json\/wp\/v2\/pages\/502\/revisions\/1072"}],"wp:featuredmedia":[{"embeddable":true,"href":"https:\/\/futaba-s.co.jp\/wp-json\/wp\/v2\/media\/473"}],"wp:attachment":[{"href":"https:\/\/futaba-s.co.jp\/wp-json\/wp\/v2\/media?parent=502"}],"curies":[{"name":"wp","href":"https:\/\/api.w.org\/{rel}","templated":true}]}}