{"id":506,"date":"2023-08-01T12:03:12","date_gmt":"2023-08-01T03:03:12","guid":{"rendered":"http:\/\/futaba-s.co.jp\/?page_id=506"},"modified":"2025-03-04T16:17:49","modified_gmt":"2025-03-04T07:17:49","slug":"jimusyo","status":"publish","type":"page","link":"https:\/\/futaba-s.co.jp\/vi\/jimusyo.html","title":{"rendered":"th\u00f4ng tin v\u0103n ph\u00f2ng"},"content":{"rendered":"<div id=\"policy\" class=\"introduction_sub greet_area\" data-scroll=\"a-fadeUp\">\r\n<div class=\"g-box zigyo\">\r\n<h2 class=\"under_ttl\">truy c\u1eadp<span>access<\/span><\/h2>\r\n<div class=\"access_box\">\r\n<div class=\"flexbox\">\r\n<div class=\"img-box\"><img decoding=\"async\" src=\"..\/wp-content\/themes\/yodoq_theme2\/assets\/images\/company\/honsya.jpg\" alt=\"C\u00f4ng nghi\u1ec7p Futaba Tr\u1ee5 s\u1edf ch\u00ednh nh\u00e0 m\u00e1y\" \/><\/div>\r\n<div class=\"a-box\">\r\n<h3>Tr\u1ee5 s\u1edf ch\u00ednh nh\u00e0 m\u00e1y<\/h3>\r\n<p>\u3012562-0023 5-3 Aoumadaninishi, th\u00e0nh ph\u1ed1 Minoh, t\u1ec9nh Osaka-1<\/p>\r\n<p>TEL.072-729-2441\uff08thay th\u1ebf\uff09\u3000FAX.072-728-8820<\/p>\r\n<\/div>\r\n<\/div>\r\n<\/div>\r\n<div class=\"access_box\">\r\n<div class=\"flexbox\">\r\n<div class=\"img-box\"><img decoding=\"async\" src=\"..\/wp-content\/themes\/yodoq_theme2\/assets\/images\/company\/shiga.JPG\" alt=\"C\u00f4ng nghi\u1ec7p Futaba Nh\u00e0 m\u00e1y Shiga\" \/><\/div>\r\n<div class=\"a-box\">\r\n<h3>Nh\u00e0 m\u00e1y Shiga<\/h3>\r\n<p>\u3012523-0085 1950 Minamitsudacho, th\u00e0nh ph\u1ed1 Omihachiman, t\u1ec9nh Shiga<\/p>\r\n<p>TEL.0748-32-5548\uff08thay th\u1ebf\uff09\u3000FAX.0748-32-5484<\/p>\r\n<\/div>\r\n<\/div>\r\n<\/div>\r\n<div class=\"access_box\">\r\n<div class=\"flexbox\">\r\n<div class=\"img-box\"><img decoding=\"async\" src=\"..\/wp-content\/themes\/yodoq_theme2\/assets\/images\/company\/shikoku.jpg\" alt=\"C\u00f4ng nghi\u1ec7p Futaba Nh\u00e0 m\u00e1y Shikoku\" \/><\/div>\r\n<div class=\"a-box\">\r\n<h3>Nh\u00e0 m\u00e1y Shikoku<\/h3>\r\n<p>\u3012798-1112 1200 Miyanoshita, Mimacho, Th\u00e0nh ph\u1ed1 Uwajima, T\u1ec9nh Ehime-1<\/p>\r\n<p>TEL.0895-58-2222\uff08thay th\u1ebf\uff09 \u3000FAX.0895-58-4433<\/p>\r\n<\/div>\r\n<\/div>\r\n<\/div>\r\n<div class=\"access_box\">\r\n<div class=\"flexbox\">\r\n<div class=\"img-box\"><img decoding=\"async\" src=\"..\/wp-content\/themes\/yodoq_theme2\/assets\/images\/company\/kyusyu.jpeg\" alt=\"C\u00f4ng nghi\u1ec7p Nh\u00e0 m\u00e1y Kyushu\" \/><\/div>\r\n<div class=\"a-box\">\r\n<h3>Nh\u00e0 m\u00e1y Kyushu<\/h3>\r\n<p>\u3012879-0465 1403 Shimohaida, Th\u00e0nh ph\u1ed1 Hoa K\u1ef3, T\u1ec9nh Oita-1<\/p>\r\n<p>TEL.0978-34-9428\uff08thay th\u1ebf\uff09\u3000FAX.0978-34-9430<\/p>\r\n<\/div>\r\n<\/div>\r\n<\/div>\r\n<div class=\"access_box\">\r\n<div class=\"flexbox\">\r\n<div class=\"img-box\"><img decoding=\"async\" src=\"..\/wp-content\/themes\/yodoq_theme2\/assets\/images\/company\/nagasaki.JPG\" alt=\"C\u00f4ng nghi\u1ec7p Futaba Nh\u00e0 m\u00e1y Nagasaki\" \/><\/div>\r\n<div class=\"a-box\">\r\n<h3>Nh\u00e0 m\u00e1y Nagasaki<\/h3>\r\n<p>\u3012857-0405 278 Kuzugo, Kosaza-cho, Th\u00e0nh ph\u1ed1 Sasebo, T\u1ec9nh Nagasaki-1<\/p>\r\n<p>TEL.0956-41-3900\uff08thay th\u1ebf\uff09\u3000FAX.0956-41-3910<\/p>\r\n<\/div>\r\n<\/div>\r\n<\/div>\r\n<div class=\"access_box\">\r\n<div class=\"flexbox\">\r\n<div class=\"img-box\"><img decoding=\"async\" src=\"..\/wp-content\/themes\/yodoq_theme2\/assets\/images\/company\/shanhai.jpg\" alt=\"C\u00f4ng nghi\u1ec7p Futaba Nh\u00e0 m\u00e1y Trung Qu\u1ed1c (Shanghai Fushuang Auto Parts Co., Ltd.)\" \/><\/div>\r\n<div class=\"a-box\">\r\n<h3>Nh\u00e0 m\u00e1y Trung Qu\u1ed1c (Shanghai Fusang Auto Parts Co., Ltd.)<\/h3>\r\n<p>S\u1ed1 258 \u0110\u01b0\u1eddng Yanghai, Khu c\u00f4ng nghi\u1ec7p Yangwang, Th\u1ecb tr\u1ea5n Nanqiao, Qu\u1eadn Fengxian, Th\u01b0\u1ee3ng H\u1ea3i<\/p>\r\n<\/div>\r\n<\/div>\r\n<\/div>\r\n<div class=\"access_box\">\r\n<div class=\"flexbox\">\r\n<div class=\"img-box\"><img decoding=\"async\" src=\"..\/wp-content\/themes\/yodoq_theme2\/assets\/images\/company\/fukusei.png\" alt=\"C\u00f4ng nghi\u1ec7p Futaba Nh\u00e0 m\u00e1y Trung Qu\u1ed1c (C\u00f4ng ty TNHH Thi\u1ebft b\u1ecb V\u1eadn t\u1ea3i Ph\u00fac Thanh Futaba Deda)\" \/><\/div>\r\n<div class=\"a-box\">\r\n<h3>Nh\u00e0 m\u00e1y Trung Qu\u1ed1c (C\u00f4ng ty TNHH Thi\u1ebft b\u1ecb Giao th\u00f4ng Ph\u00fac Thanh Futaba Deda)<\/h3>\r\n<p>L\u00e0ng c\u00f4ng nghi\u1ec7p th\u1ecb tr\u1ea5n Yuxi, th\u00e0nh ph\u1ed1 Fuqing, t\u1ec9nh Ph\u00fac Ki\u1ebfn<\/p>\r\n<\/div>\r\n<\/div>\r\n<\/div>\r\n<div class=\"access_box\">\r\n<div class=\"flexbox\">\r\n<div class=\"img-box\"><img decoding=\"async\" src=\"..\/wp-content\/themes\/yodoq_theme2\/assets\/images\/company\/chongqing.png\" alt=\"C\u00f4ng nghi\u1ec7p Futaba Nh\u00e0 m\u00e1y Trung Qu\u1ed1c (Chongqing Fushuang Auto Parts Co., Ltd.)\" \/><\/div>\r\n<div class=\"a-box\">\r\n<h3>Nh\u00e0 m\u00e1y Trung Qu\u1ed1c (Chongqing Fushuang Auto Parts Co., Ltd.)<\/h3>\r\n<p>S\u1ed1 4, \u0110\u1ea1i l\u1ed9 Xinfu, Qu\u1eadn Tr\u01b0\u1eddng Th\u1ecd, Th\u00e0nh ph\u1ed1 Tr\u00f9ng Kh\u00e1nh<\/p>\r\n<\/div>\r\n<\/div>\r\n<\/div>\r\n<div class=\"access_box\">\r\n<div class=\"flexbox\">\r\n<div class=\"img-box\"><img decoding=\"async\" src=\"..\/wp-content\/themes\/yodoq_theme2\/assets\/images\/company\/fushuang.jpg\" alt=\"C\u00f4ng nghi\u1ec7p Futaba Nh\u00e0 m\u00e1y Trung Qu\u1ed1c (Shaocheng Fushuang Auto Parts Co., Ltd.)\" \/><\/div>\r\n<div class=\"a-box\">\r\n<h3>Nh\u00e0 m\u00e1y Trung Qu\u1ed1c (Yancheng Fushuang Auto Parts Co., Ltd.)<\/h3>\r\n<p>S\u1ed1 2, \u0111\u01b0\u1eddng Fenghuan, qu\u1eadn Ludu, th\u00e0nh ph\u1ed1 Lucheng, t\u1ec9nh Giang T\u00f4<\/p>\r\n<\/div>\r\n<\/div>\r\n<\/div>\r\n<div class=\"access_box\">\r\n<div class=\"flexbox\">\r\n<div class=\"img-box\"><\/div>\r\n<\/div>\r\n<\/div>\r\n<div class=\"access_box\">\r\n<div class=\"flexbox\">\r\n<div class=\"img-box\"><img decoding=\"async\" src=\"..\/wp-content\/themes\/yodoq_theme2\/assets\/images\/company\/vietnam.jpg\" alt=\"C\u00f4ng nghi\u1ec7p Futaba nh\u00e0 m\u00e1y betnam\" \/><\/div>\r\n<div class=\"a-box\">\r\n<h3>nh\u00e0 m\u00e1y vi\u1ec7t nam<\/h3>\r\n<p>Plot No.C-2 Thang Long Industrial Park(Vinh Phuc) <br \/>\r\nThien Ke commune-Binh Xuyen district -Vinh Phuc province-Vietnam<\/p>\r\n<\/div>\r\n<\/div>\r\n<\/div>\r\n<\/div>\r\n<\/div>","protected":false},"excerpt":{"rendered":"truy c\u1eadpaccess Tr\u1ee5 s\u1edf ch\u00ednh nh\u00e0 m\u00e1y \u3012562-0023 5-3 Aoumadaninishi, th\u00e0nh ph\u1ed1 Minoh, t\u1ec9nh Osaka-1 TEL.072-729-24 &hellip; <p class=\"link-more\"><a href=\"https:\/\/futaba-s.co.jp\/vi\/jimusyo.html\" class=\"more-link\">Continue reading<span class=\"screen-reader-text\"> &#8220;th\u00f4ng tin v\u0103n ph\u00f2ng&#8221;<\/span><\/a><\/p>","protected":false},"author":5,"featured_media":348,"parent":0,"menu_order":0,"comment_status":"closed","ping_status":"closed","template":"","meta":{"_locale":"vi","_original_post":"http:\/\/futaba-s.co.jp\/?page_id=35","footnotes":""},"class_list":["post-506","page","type-page","status-publish","has-post-thumbnail","hentry","vi"],"aioseo_notices":[],"_links":{"self":[{"href":"https:\/\/futaba-s.co.jp\/wp-json\/wp\/v2\/pages\/506","targetHints":{"allow":["GET"]}}],"collection":[{"href":"https:\/\/futaba-s.co.jp\/wp-json\/wp\/v2\/pages"}],"about":[{"href":"https:\/\/futaba-s.co.jp\/wp-json\/wp\/v2\/types\/page"}],"author":[{"embeddable":true,"href":"https:\/\/futaba-s.co.jp\/wp-json\/wp\/v2\/users\/5"}],"replies":[{"embeddable":true,"href":"https:\/\/futaba-s.co.jp\/wp-json\/wp\/v2\/comments?post=506"}],"version-history":[{"count":5,"href":"https:\/\/futaba-s.co.jp\/wp-json\/wp\/v2\/pages\/506\/revisions"}],"predecessor-version":[{"id":1017,"href":"https:\/\/futaba-s.co.jp\/wp-json\/wp\/v2\/pages\/506\/revisions\/1017"}],"wp:featuredmedia":[{"embeddable":true,"href":"https:\/\/futaba-s.co.jp\/wp-json\/wp\/v2\/media\/348"}],"wp:attachment":[{"href":"https:\/\/futaba-s.co.jp\/wp-json\/wp\/v2\/media?parent=506"}],"curies":[{"name":"wp","href":"https:\/\/api.w.org\/{rel}","templated":true}]}}