{"id":512,"date":"2023-08-01T11:58:59","date_gmt":"2023-08-01T02:58:59","guid":{"rendered":"http:\/\/futaba-s.co.jp\/?page_id=512"},"modified":"2025-03-04T16:16:30","modified_gmt":"2025-03-04T07:16:30","slug":"gaiyou","status":"publish","type":"page","link":"https:\/\/futaba-s.co.jp\/vi\/gaiyou.html","title":{"rendered":"H\u1ed3 s\u01a1 c\u00f4ng ty"},"content":{"rendered":"<div class=\"introduction_sub greet_area\" data-scroll=\"a-fadeUp\">\r\n    <div class=\"g-box\">\r\n        <h2 class=\"under_ttl\">H\u1ed3 s\u01a1 c\u00f4ng ty<span>company<\/span><\/h2>\r\n        \n<table id=\"tablepress-6\" class=\"tablepress tablepress-id-6 company_table\">\n<tbody>\n<tr class=\"row-1\">\n\t<th class=\"column-1\">T\u00ean c\u00f4ng ty<\/th><td class=\"column-2\">C\u00f4ng ty TNHH C\u00f4ng nghi\u1ec7p Futaba<\/td>\n<\/tr>\n<tr class=\"row-2\">\n\t<th class=\"column-1\">v\u1ecb tr\u00ed<\/th><td class=\"column-2\">\u25a0 Nh\u00e0 m\u00e1y tr\u1ee5 s\u1edf ch\u00ednh<br \/>\n\u3012562-0023 5-3-1 Aomadaninishi, th\u00e0nh ph\u1ed1 Minoh, t\u1ec9nh Osaka<br \/>\nTEL.072-729-2441 (ch\u00ednh) FAX.072-728-8820<br \/>\n<br \/>\n\u25a0 Nh\u00e0 m\u00e1y Shiga<br \/>\n1950 Minamitsudacho, th\u00e0nh ph\u1ed1 Omihachiman, t\u1ec9nh Shiga 523-0085<br \/>\n\u0110i\u1ec7n tho\u1ea1i: +81-748-32-5548 Fax: +81-748-32-5484<br \/>\n<br \/>\n\u25a0 Nh\u00e0 m\u00e1y Shikoku<br \/>\n1200-1 Miyanoshita, Mimacho, Th\u00e0nh ph\u1ed1 Uwajima, T\u1ec9nh Ehime 798-1112<br \/>\nTEL.0895-58-2222 (ch\u00ednh) FAX.0895-58-4433<br \/>\n<br \/>\n\u25a0 Nh\u00e0 m\u00e1y Kyushu<br \/>\n1403-1 Shimohaida, Th\u00e0nh ph\u1ed1 Hoa K\u1ef3, T\u1ec9nh Oita 879-0465<br \/>\nTEL.0978-34-9428 (ch\u00ednh) FAX.0978-34-9430<br \/>\n<br \/>\n\u25a0 Nh\u00e0 m\u00e1y Nagasaki<br \/>\n\u3012857-0405 278-1 Kuzugo, Kosasa-cho, Th\u00e0nh ph\u1ed1 Sasebo, T\u1ec9nh Nagasaki<br \/>\nTEL.0956-41-3900 FAX.0956-41-3910<br \/>\n<br \/>\n\u25a0 Nh\u00e0 m\u00e1y Trung Qu\u1ed1c<br \/>\n\u3010C\u00f4ng ty TNHH ph\u1ee5 t\u00f9ng \u00f4 t\u00f4 Th\u01b0\u1ee3ng H\u1ea3i Fortune\u3011<br \/>\nS\u1ed1 258 \u0110\u01b0\u1eddng Yanghai, Khu c\u00f4ng nghi\u1ec7p Yangwang, Th\u1ecb tr\u1ea5n Nanqiao, Qu\u1eadn Fengxian, Th\u01b0\u1ee3ng H\u1ea3i<br \/>\n<br \/>\n\u3010C\u00f4ng ty TNHH Thi\u1ebft b\u1ecb Giao th\u00f4ng Ph\u00fac Thanh Futaba Deda\u3011<br \/>\nL\u00e0ng c\u00f4ng nghi\u1ec7p th\u1ecb tr\u1ea5n Yuxi, th\u00e0nh ph\u1ed1 Fuqing, t\u1ec9nh Ph\u00fac Ki\u1ebfn<br \/>\n<br \/>\n\u3010C\u00f4ng ty TNHH ph\u1ee5 t\u00f9ng \u00f4 t\u00f4 Fushuang Tr\u00f9ng Kh\u00e1nh\u3011<br \/>\nS\u1ed1 4, \u0110\u1ea1i l\u1ed9 Xinfu, Qu\u1eadn Tr\u01b0\u1eddng Th\u1ecd, Th\u00e0nh ph\u1ed1 Tr\u00f9ng Kh\u00e1nh<br \/>\n<br \/>\n\u3010C\u00f4ng ty TNHH ph\u1ee5 t\u00f9ng \u00f4 t\u00f4 Di\u00eam Th\u00e0nh Fushuang\u3011<br \/>\nS\u1ed1 2, \u0111\u01b0\u1eddng Fenghuan, qu\u1eadn Ludu, th\u00e0nh ph\u1ed1 Lucheng, t\u1ec9nh Giang T\u00f4<br \/>\n<br \/>\n\u25a0Nh\u00e0 m\u00e1y Vi\u1ec7t Nam<br \/>\nL\u00f4 C-2 KCN Th\u0103ng Long (V\u0129nh Ph\u00fac)<br \/>\nx\u00e3 Thi\u1ec7n K\u1ebf-huy\u1ec7n B\u00ecnh Xuy\u00ean-t\u1ec9nh V\u0129nh Ph\u00fac-Vi\u1ec7t Nam<\/td>\n<\/tr>\n<tr class=\"row-3\">\n\t<th class=\"column-1\">ti\u00eau bi\u1ec3u<\/th><td class=\"column-2\">Hiroaki Yamada<\/td>\n<\/tr>\n<tr class=\"row-4\">\n\t<th class=\"column-1\">th\u00e0nh l\u1eadp<\/th><td class=\"column-2\">1953 (Showa 28)<\/td>\n<\/tr>\n<tr class=\"row-5\">\n\t<th class=\"column-1\">th\u1ee7 \u0111\u00f4<\/th><td class=\"column-2\">95 tri\u1ec7u y\u00ean<\/td>\n<\/tr>\n<tr class=\"row-6\">\n\t<th class=\"column-1\">Ng\u00e0nh c\u00f4ng nghi\u1ec7p<\/th><td class=\"column-2\">Ng\u00e0nh s\u1ea3n xu\u1ea5t ph\u1ee5 t\u00f9ng n\u1ed9i th\u1ea5t \u00f4 t\u00f4<\/td>\n<\/tr>\n<tr class=\"row-7\">\n\t<th class=\"column-1\">C\u00e1c nh\u00e0 cung c\u1ea5p<\/th><td class=\"column-2\">C\u00f4ng ty TNHH T\u1ea5m Fuji<br \/>\nC\u00f4ng Ty TNHH T\u1ea5m Fuso<br \/>\nC\u00f4ng ty TNHH C\u00f4ng nghi\u1ec7p Delta<br \/>\nC\u00f4ng ty TNHH TACHI-S<\/td>\n<\/tr>\n<\/tbody>\n<\/table>\n<!-- #tablepress-6 from cache -->\r\n\r\n    <\/div>\r\n<\/div>\r\n<div class=\"introduction_sub greet_area\" data-scroll=\"a-fadeUp\" id=\"policy\">\r\n    <div class=\"g-box\">\r\n        <h2 class=\"under_ttl\">truy c\u1eadp<span>access<\/span><\/h2>\r\n        <div class=\"flexbox access_area\">\r\n            <div class=\"access_box\">\r\n                <div class=\"a-box\">\r\n                    <h3>Tr\u1ee5 s\u1edf ch\u00ednh nh\u00e0 m\u00e1y<\/h3>\r\n                    <p>\u3012562-0023 5-3-1 Aomadaninishi, th\u00e0nh ph\u1ed1 Minoh, t\u1ec9nh Osaka<\/p>\r\n                    <p>TEL.072-729-2441\uff08ti\u00eau bi\u1ec3u\uff09\u3000FAX.072-728-8820<\/p>\r\n                <\/div>\r\n                <div class=\"map-box\">\r\n                    <iframe\r\n                        src=\"https:\/\/www.google.com\/maps\/embed?pb=!1m18!1m12!1m3!1d3274.3339633933647!2d135.50158431545597!3d34.847834982831245!2m3!1f0!2f0!3f0!3m2!1i1024!2i768!4f13.1!3m3!1m2!1s0x6000fbc106cba78d%3A0x59fd23f17cb9b52!2z44CSNTYyLTAwMjMg5aSn6Ziq5bqc566V6Z2i5biC57Kf55Sf6ZaT6LC36KW_77yV5LiB55uu77yT4oiS77yR!5e0!3m2!1sja!2sjp!4v1661749016398!5m2!1sja!2sjp\"\r\n                        style=\"border:0;\" allowfullscreen=\"\" loading=\"lazy\"\r\n                        referrerpolicy=\"no-referrer-when-downgrade\"><\/iframe>\r\n                <\/div>\r\n            <\/div>\r\n            <div class=\"access_box\">\r\n                <div class=\"a-box\">\r\n                    <h3>Nh\u00e0 m\u00e1y Shiga<\/h3>\r\n                    <p>1950 Minamitsudacho, th\u00e0nh ph\u1ed1 Omihachiman, t\u1ec9nh Shiga 523-0085<\/p>\r\n                    <p>TEL.0748-32-5548\uff08ti\u00eau bi\u1ec3u\uff09\u3000FAX.0748-32-5484<\/p>\r\n                <\/div>\r\n                <div class=\"map-box\">\r\n                    <iframe\r\n                        src=\"https:\/\/www.google.com\/maps\/embed?pb=!1m18!1m12!1m3!1d3262.0166235353363!2d136.078726515462!3d35.156206166193115!2m3!1f0!2f0!3f0!3m2!1i1024!2i768!4f13.1!3m3!1m2!1s0x600179b1242c6e05%3A0xa383889c874c898d!2z44CSNTIzLTAwODUg5ruL6LOA55yM6L-R5rGf5YWr5bmh5biC5Y2X5rSl55Sw55S677yR77yZ77yV77yQ!5e0!3m2!1sja!2sjp!4v1661749063648!5m2!1sja!2sjp\"\r\n                        style=\"border:0;\" allowfullscreen=\"\" loading=\"lazy\"\r\n                        referrerpolicy=\"no-referrer-when-downgrade\"><\/iframe>\r\n                <\/div>\r\n            <\/div>\r\n        <\/div>\r\n        <div class=\"flexbox access_area\">\r\n            <div class=\"access_box\">\r\n                <div class=\"a-box\">\r\n                    <h3>Nh\u00e0 m\u00e1y Shikoku<\/h3>\r\n                    <p>1200-1 Miyanoshita, Mimacho, Th\u00e0nh ph\u1ed1 Uwajima, T\u1ec9nh Ehime 798-1112<\/p>\r\n                    <p>TEL.0895-58-2222\uff08ti\u00eau bi\u1ec3u\uff09 \u3000FAX.0895-58-4433<\/p>\r\n                <\/div>\r\n                <div class=\"map-box\">\r\n                    <iframe\r\n                        src=\"https:\/\/www.google.com\/maps\/embed?pb=!1m18!1m12!1m3!1d3334.8211396509596!2d132.60752011542576!3d33.29734196457891!2m3!1f0!2f0!3f0!3m2!1i1024!2i768!4f13.1!3m3!1m2!1s0x354f6338a7438f1d%3A0x8f8daac0ae32ff3e!2z44CSNzk4LTExMTIg5oSb5aqb55yM5a6H5ZKM5bO25biC5LiJ6ZaT55S65a6u6YeO5LiL77yR77yS77yQ77yQ4oiS77yR!5e0!3m2!1sja!2sjp!4v1661749121935!5m2!1sja!2sjp\"\r\n                        style=\"border:0;\" allowfullscreen=\"\" loading=\"lazy\"\r\n                        referrerpolicy=\"no-referrer-when-downgrade\"><\/iframe>\r\n                <\/div>\r\n            <\/div>\r\n            <div class=\"access_box\">\r\n                <div class=\"a-box\">\r\n                    <h3>Nh\u00e0 m\u00e1y Kyushu<\/h3>\r\n                    <p>1403-1 Shimohaida, Th\u00e0nh ph\u1ed1 Hoa K\u1ef3, T\u1ec9nh Oita 879-0465<\/p>\r\n                    <p>TEL.0978-34-9428\uff08ti\u00eau bi\u1ec3u\uff09\u3000FAX.0978-34-9430<\/p>\r\n                <\/div>\r\n                <div class=\"map-box\">\r\n                    <iframe\r\n                        src=\"https:\/\/www.google.com\/maps\/embed?pb=!1m18!1m12!1m3!1d3326.7981586553465!2d131.33244601542958!3d33.506628153731775!2m3!1f0!2f0!3f0!3m2!1i1024!2i768!4f13.1!3m3!1m2!1s0x354406591e23986f%3A0x4e2ac3b1c2c15fb2!2z44CSODc5LTA0NjUg5aSn5YiG55yM5a6H5L2Q5biC5aSn5a2X5LiL5oud55Sw77yR77yU77yQ77yT4oiS77yR!5e0!3m2!1sja!2sjp!4v1661749174368!5m2!1sja!2sjp\"\r\n                        style=\"border:0;\" allowfullscreen=\"\" loading=\"lazy\"\r\n                        referrerpolicy=\"no-referrer-when-downgrade\"><\/iframe>\r\n                <\/div>\r\n            <\/div>\r\n        <\/div>\r\n        <div class=\"flexbox access_area\">\r\n            <div class=\"access_box\">\r\n                <div class=\"a-box\">\r\n                    <h3>Nh\u00e0 m\u00e1y Nagasaki<\/h3>\r\n                    <p>\u3012857-0405 278-1 Kuzugo, Kosasa-cho, Th\u00e0nh ph\u1ed1 Sasebo, T\u1ec9nh Nagasaki<\/p>\r\n                    <p>TEL.0956-41-3900\u3000FAX.0956-41-3910<\/p>\r\n                <\/div>\r\n                <div class=\"map-box\">\r\n                    <iframe\r\n                        src=\"https:\/\/www.google.com\/maps\/embed?pb=!1m18!1m12!1m3!1d3337.593178985355!2d129.62482031542436!3d33.22476006832696!2m3!1f0!2f0!3f0!3m2!1i1024!2i768!4f13.1!3m3!1m2!1s0x356aeb68dc9a41c5%3A0xe4102e4e721d4191!2z44CSODU3LTA0MDUg6ZW35bSO55yM5L2Q5LiW5L-d5biC5bCP5L2Q44CF55S66JGb57Gg77yS77yX77yY4oiS77yR!5e0!3m2!1sja!2sjp!4v1661749230404!5m2!1sja!2sjp\"\r\n                        style=\"border:0;\" allowfullscreen=\"\" loading=\"lazy\"\r\n                        referrerpolicy=\"no-referrer-when-downgrade\"><\/iframe>\r\n                <\/div>\r\n            <\/div>\r\n        <\/div>\r\n    <\/div>\r\n<\/div>\r\n<div class=\"introduction_sub greet_area\" data-scroll=\"a-fadeUp\">\r\n    <div class=\"g-box\">\r\n        <h2 class=\"under_ttl\">L\u1ecbch s\u1eed<span>history<\/span><\/h2>\r\n        <dl>\r\n            <dt>1953 \uff08Showa 28\uff09<\/dt>\r\n            <dd>C\u00f4ng ty TNHH Nishinari Kogyo, ti\u1ec1n th\u00e2n c\u1ee7a c\u00f4ng ty ch\u00fang t\u00f4i, \u0111\u01b0\u1ee3c th\u00e0nh l\u1eadp nh\u01b0 m\u1ed9t nh\u00e0 s\u1ea3n xu\u1ea5t gh\u1ebf \u00f4 t\u00f4.<\/dd>\r\n        <\/dl>\r\n        <dl>\r\n            <dt>1963 \uff08Showa 38\uff09<\/dt>\r\n            <dd>Th\u00e0nh l\u1eadp C\u00f4ng ty TNHH Futaba Sangyo v\u1edbi s\u1ed1 v\u1ed1n 10 tri\u1ec7u y\u00ean l\u00e0 nh\u00e0 s\u1ea3n xu\u1ea5t chuy\u00ean may gh\u1ebf \u00f4 t\u00f4.<\/dd>\r\n        <\/dl>\r\n        <dl>\r\n            <dt>1965 \uff08Showa 40\uff09<\/dt>\r\n            <dd>V\u1ed1n t\u0103ng l\u00ean 30 tri\u1ec7u y\u00ean<\/dd>\r\n        <\/dl>\r\n        <dl>\r\n            <dt>1966 \uff08Showa 41\uff09<\/dt>\r\n            <dd>\r\n                Ho\u00e0n th\u00e0nh nh\u00e0 m\u00e1y m\u1edbi t\u1ea1i th\u00e0nh ph\u1ed1 Minoh v\u00e0 di d\u1eddi nh\u00e0 m\u00e1y tr\u1ee5 s\u1edf ch\u00ednh.<br>\r\n                k\u00fd t\u00fac x\u00e1 n\u1eef ho\u00e0n th\u00e0nh<br>\r\n                V\u1ed1n t\u0103ng l\u00ean 45 tri\u1ec7u y\u00ean<br>\r\n                B\u1eaft \u0111\u1ea7u s\u1ea3n xu\u1ea5t c\u00e1c b\u1ed9 ph\u1eadn n\u1ed9i th\u1ea5t \u00f4 t\u00f4 (c\u1eaft c\u1eeda, v.v.)\r\n            <\/dd>\r\n        <\/dl>\r\n        <dl>\r\n            <dt>1970 \uff08Showa 45\uff09<\/dt>\r\n            <dd>Tr\u1ee5 s\u1edf ch\u00ednh (Minoh City) Nh\u00e0 m\u00e1y s\u1ed1 2 ho\u00e0n th\u00e0nh<\/dd>\r\n        <\/dl>\r\n        <dl>\r\n            <dt>1978 \uff08Showa 53\uff09<\/dt>\r\n            <dd>Gi\u1edbi thi\u1ec7u h\u1ec7 th\u1ed1ng may t\u1ef1 \u0111\u1ed9ng<\/dd>\r\n        <\/dl>\r\n        <dl>\r\n            <dt>1979 \uff08Showa 54\uff09 <\/dt>\r\n            <dd>Ho\u00e0n th\u00e0nh t\u00f2a nh\u00e0 ph\u00fac l\u1ee3i (v\u0103n ph\u00f2ng) t\u1ea1i tr\u1ee5 s\u1edf ch\u00ednh (Th\u00e0nh ph\u1ed1 Minoh)<\/dd>\r\n        <\/dl>\r\n        <dl>\r\n            <dt>1983 \uff08Showa 58\uff09<\/dt>\r\n            <dd>Tr\u1ee5 s\u1edf ch\u00ednh (Th\u00e0nh ph\u1ed1 Minoh) Nh\u00e0 m\u00e1y s\u1ed1 3 v\u00e0 k\u00fd t\u00fac x\u00e1 nam \u0111\u00e3 ho\u00e0n th\u00e0nh<\/dd>\r\n        <\/dl>\r\n        <dl>\r\n            <dt>1984 \uff08Showa 59\uff09 <\/dt>\r\n            <dd>Ho\u00e0n th\u00e0nh x\u00e2y d\u1ef1ng ph\u1ea7n m\u1edf r\u1ed9ng k\u00fd t\u00fac x\u00e1 n\u1eef c\u1ee7a Tr\u1ee5 s\u1edf ch\u00ednh (Th\u00e0nh ph\u1ed1 Minoh)<\/dd>\r\n        <\/dl>\r\n        <dl>\r\n            <dt>1985 \uff08Showa 60\uff09<\/dt>\r\n            <dd>Tr\u1ee5 s\u1edf ch\u00ednh (Minoh City) Nh\u00e0 m\u00e1y s\u1ed1 4 ho\u00e0n th\u00e0nh<\/dd>\r\n        <\/dl>\r\n        <dl>\r\n            <dt>1986 \uff08Showa 61\uff09<\/dt>\r\n            <dd>Ho\u1ea1t \u0111\u1ed9ng c\u1eaft m\u00e1y t\u00ednh b\u1eaft \u0111\u1ea7u<\/dd>\r\n        <\/dl>\r\n        <dl>\r\n            <dt>1987 \uff08Showa 62\uff09 <\/dt>\r\n            <dd>B\u1eaft \u0111\u1ea7u s\u1ea3n xu\u1ea5t vi\u1ec1n c\u1eeda \u0111\u00fac<\/dd>\r\n        <\/dl>\r\n        <dl>\r\n            <dt>1988 \uff08Showa 63\uff09<\/dt>\r\n            <dd>B\u1eaft \u0111\u1ea7u s\u1ea3n xu\u1ea5t d\u00e2y chuy\u1ec1n x\u1ed1p urethane t\u1ef1a \u0111\u1ea7u<\/dd>\r\n        <\/dl>\r\n        <dl>\r\n            <dt>1989 \uff08Heisei 1\uff09<\/dt>\r\n            <dd>B\u1eaft \u0111\u1ea7u \u0111i v\u00e0o ho\u1ea1t \u0111\u1ed9ng nh\u00e0 m\u00e1y Shiga<\/dd>\r\n        <\/dl>\r\n        <dl>\r\n            <dt>1990\uff08Heisei 2\uff09<\/dt>\r\n            <dd>B\u1eaft \u0111\u1ea7u s\u1ea3n xu\u1ea5t c\u00e1c s\u1ea3n ph\u1ea9m \u00e9p \u0111\u00f9n<\/dd>\r\n        <\/dl>\r\n        <dl>\r\n            <dt>1991\uff08Heisei 3\uff09<\/dt>\r\n            <dd>\r\n                Nh\u00e0 m\u00e1y Shikoku b\u1eaft \u0111\u1ea7u ho\u1ea1t \u0111\u1ed9ng<br>\r\n                S\u1ea3n xu\u1ea5t khung laminate b\u1eaft \u0111\u1ea7u<br>\r\n                B\u1eaft \u0111\u1ea7u s\u1ea3n xu\u1ea5t thanh v\u1ecbn v\u00e0 c\u00e1c b\u1ed9 ph\u1eadn \u00e9p\r\n            <\/dd>\r\n        <\/dl>\r\n        <dl>\r\n            <dt>1992 \uff08Heisei 4\uff09 <\/dt>\r\n            <dd>B\u1eaft \u0111\u1ea7u s\u1ea3n xu\u1ea5t c\u00e1c s\u1ea3n ph\u1ea9m \u0111\u00fac phun<\/dd>\r\n        <\/dl>\r\n        <dl>\r\n            <dt>1993 \uff08Heisei 5\uff09 <\/dt>\r\n            <dd>B\u1eaft \u0111\u1ea7u s\u1ea3n xu\u1ea5t d\u00e2y chuy\u1ec1n t\u1ea1o b\u1ecdt t\u00edch h\u1ee3p t\u1ef1a \u0111\u1ea7u<\/dd>\r\n        <\/dl>\r\n        <dl>\r\n            <dt>2000\uff08Heisei 12\uff09<\/dt>\r\n            <dd>\r\n                B\u1eaft \u0111\u1ea7u s\u1ea3n xu\u1ea5t t\u1ea5m urethane x\u1ed1p<br>\r\n                B\u1eaft \u0111\u1ea7u s\u1ea3n xu\u1ea5t vi\u1ec1n c\u1eeda \u0111\u00fac phun\r\n            <\/dd>\r\n        <\/dl>\r\n        <dl>\r\n            <dt>2006\uff08Heisei 18\uff09<\/dt>\r\n            <dd>Nh\u00e0 m\u00e1y s\u1ed1 1 Kyushu \u0111i v\u00e0o ho\u1ea1t \u0111\u1ed9ng<\/dd>\r\n        <\/dl>\r\n        <dl>\r\n            <dt>2010\uff08Heisei 22\uff09<\/dt>\r\n            <dd>B\u1eaft \u0111\u1ea7u v\u1eadn h\u00e0nh nh\u00e0 m\u00e1y Kyushu th\u1ee9 hai<\/dd>\r\n        <\/dl>\r\n        <dl>\r\n            <dt>2016\uff08Heisei 28\uff09<\/dt>\r\n            <dd>Nh\u00e0 m\u00e1y Nagasaki b\u1eaft \u0111\u1ea7u ho\u1ea1t \u0111\u1ed9ng<\/dd>\r\n        <\/dl>\r\n        <dl>\r\n            <dt>2018\uff08Heisei 30\uff09<\/dt>\r\n            <dd>Nh\u00e0 m\u00e1y th\u1ee9 hai Nagasaki b\u1eaft \u0111\u1ea7u ho\u1ea1t \u0111\u1ed9ng<\/dd>\r\n        <\/dl>\r\n        <dl>\r\n            <dt>2019\uff08Reiwa 1\uff09<\/dt>\r\n            <dd>Nh\u00e0 m\u00e1y Vi\u1ec7t Nam \u0111i v\u00e0o ho\u1ea1t \u0111\u1ed9ng<\/dd>\r\n        <\/dl>\r\n        <dl>\r\n            <dt>2022\uff08Reiwa 4\uff09<\/dt>\r\n            <dd>Nh\u00e0 m\u00e1y Nagasaki s\u1ed1 3 b\u1eaft \u0111\u1ea7u ho\u1ea1t \u0111\u1ed9ng<\/dd>\r\n        <\/dl>\r\n    <\/div>\r\n<\/div>","protected":false},"excerpt":{"rendered":"H\u1ed3 s\u01a1 c\u00f4ng tycompany truy c\u1eadpaccess Tr\u1ee5 s\u1edf ch\u00ednh nh\u00e0 m\u00e1y \u3012562-0023 5-3-1 Aomadaninishi, th\u00e0nh ph\u1ed1 Minoh, t\u1ec9nh  &hellip; <p class=\"link-more\"><a href=\"https:\/\/futaba-s.co.jp\/vi\/gaiyou.html\" class=\"more-link\">Continue reading<span class=\"screen-reader-text\"> &#8220;H\u1ed3 s\u01a1 c\u00f4ng ty&#8221;<\/span><\/a><\/p>","protected":false},"author":5,"featured_media":453,"parent":0,"menu_order":0,"comment_status":"closed","ping_status":"closed","template":"","meta":{"_locale":"vi","_original_post":"http:\/\/futaba-s.co.jp\/?page_id=29","footnotes":""},"class_list":["post-512","page","type-page","status-publish","has-post-thumbnail","hentry","vi"],"aioseo_notices":[],"_links":{"self":[{"href":"https:\/\/futaba-s.co.jp\/wp-json\/wp\/v2\/pages\/512","targetHints":{"allow":["GET"]}}],"collection":[{"href":"https:\/\/futaba-s.co.jp\/wp-json\/wp\/v2\/pages"}],"about":[{"href":"https:\/\/futaba-s.co.jp\/wp-json\/wp\/v2\/types\/page"}],"author":[{"embeddable":true,"href":"https:\/\/futaba-s.co.jp\/wp-json\/wp\/v2\/users\/5"}],"replies":[{"embeddable":true,"href":"https:\/\/futaba-s.co.jp\/wp-json\/wp\/v2\/comments?post=512"}],"version-history":[{"count":4,"href":"https:\/\/futaba-s.co.jp\/wp-json\/wp\/v2\/pages\/512\/revisions"}],"predecessor-version":[{"id":1008,"href":"https:\/\/futaba-s.co.jp\/wp-json\/wp\/v2\/pages\/512\/revisions\/1008"}],"wp:featuredmedia":[{"embeddable":true,"href":"https:\/\/futaba-s.co.jp\/wp-json\/wp\/v2\/media\/453"}],"wp:attachment":[{"href":"https:\/\/futaba-s.co.jp\/wp-json\/wp\/v2\/media?parent=512"}],"curies":[{"name":"wp","href":"https:\/\/api.w.org\/{rel}","templated":true}]}}