{"id":518,"date":"2023-08-01T11:49:37","date_gmt":"2023-08-01T02:49:37","guid":{"rendered":"http:\/\/futaba-s.co.jp\/?page_id=518"},"modified":"2025-03-04T16:16:30","modified_gmt":"2025-03-04T07:16:30","slug":"kojin","status":"publish","type":"page","link":"https:\/\/futaba-s.co.jp\/vi\/kojin.html","title":{"rendered":"Ch\u00ednh s\u00e1ch b\u1ea3o m\u1eadt"},"content":{"rendered":"<div class=\"introduction_sub privacy_area\">\r\n    <div class=\"g-box\">\r\n        <h2>1. Tu\u00e2n th\u1ee7 ph\u00e1p lu\u1eadt v\u00e0 c\u00e1c quy \u0111\u1ecbnh<\/h2>\r\n        <p>\r\n            C\u00f4ng ty TNHH Futaba Sangyo s\u1ebd tu\u00e2n th\u1ee7 ph\u00e1p lu\u1eadt v\u00e0 c\u00e1c quy \u0111\u1ecbnh li\u00ean quan v\u1ec1 b\u1ea3o v\u1ec7 th\u00f4ng tin c\u00e1 nh\u00e2n c\u0169ng nh\u01b0 c\u00e1c quy \u0111\u1ecbnh n\u1ed9i b\u1ed9, v.v. khi x\u1eed l\u00fd th\u00f4ng tin c\u00e1 nh\u00e2n c\u1ee7a kh\u00e1ch h\u00e0ng. \r\n        <\/p>\r\n    <\/div>\r\n    <div class=\"g-box\">\r\n        <h2>2. m\u1ee5c \u0111\u00edch s\u1eed d\u1ee5ng <\/h2>\r\n        <p>\r\n            C\u00f4ng ty TNHH Futaba Sangyo thu th\u1eadp th\u00f4ng tin c\u00e1 nh\u00e2n c\u1ee7a kh\u00e1ch h\u00e0ng cho c\u00e1c m\u1ee5c \u0111\u00edch sau.<br>\r\n            N\u1ebfu ch\u00fang t\u00f4i thu th\u1eadp th\u00f4ng tin c\u00e1 nh\u00e2n cho c\u00e1c m\u1ee5c \u0111\u00edch kh\u00f4ng \u0111\u01b0\u1ee3c quy \u0111\u1ecbnh t\u1ea1i \u0111\u00e2y, ch\u00fang t\u00f4i s\u1ebd n\u00eau r\u00f5 m\u1ee5c \u0111\u00edch s\u1eed d\u1ee5ng tr\u01b0\u1edbc khi thu th\u1eadp th\u00f4ng tin c\u00e1 nh\u00e2n c\u1ee7a kh\u00e1ch h\u00e0ng. \r\n            <ol>\r\n                <li>\u0110\u1ec3 cung c\u1ea5p d\u1ecbch v\u1ee5 cho kh\u00e1ch h\u00e0ng. <\/li>\r\n                <li>\u0110\u1ec3 x\u00e1c th\u1ef1c c\u00e1 nh\u00e2n v\u00e0 s\u00e0ng l\u1ecdc kh\u00e1ch h\u00e0ng. <\/li>\r\n                <li>\u0110\u1ec3 th\u1ed1ng k\u00ea t\u1ed5ng h\u1ee3p v\u00e0 ph\u00e2n t\u00edch th\u00f4ng tin c\u00e1 nh\u00e2n v\u00e0 t\u1ea1o d\u1eef li\u1ec7u th\u1ed1ng k\u00ea \u0111\u01b0\u1ee3c x\u1eed l\u00fd th\u00e0nh d\u1ea1ng kh\u00f4ng th\u1ec3 nh\u1eadn d\u1ea1ng ho\u1eb7c x\u00e1c \u0111\u1ecbnh c\u00e1 nh\u00e2n. <\/li>\r\n            <\/ol>\r\n        <\/p>\r\n    <\/div>\r\n    <div class=\"g-box\">\r\n        <h2>3. Mua l\u1ea1i ph\u00f9 h\u1ee3p <\/h2>\r\n        <p>\r\n            C\u00f4ng ty TNHH Futaba Sangyo s\u1ebd kh\u00f4ng thu th\u1eadp th\u00f4ng tin c\u00e1 nh\u00e2n c\u1ee7a kh\u00e1ch h\u00e0ng b\u1eb1ng c\u00e1ch l\u1eeba d\u1ed1i ho\u1eb7c c\u00e1c ph\u01b0\u01a1ng ti\u1ec7n sai tr\u00e1i kh\u00e1c. \r\n        <\/p>\r\n    <\/div>\r\n    <div class=\"g-box\">\r\n        <h2>4. s\u1eed d\u1ee5ng <\/h2>\r\n        <p>\r\n            C\u00f4ng ty TNHH Futaba Sangyo s\u1ebd c\u00f9ng s\u1eed d\u1ee5ng c\u00e1c th\u00f4ng tin c\u00e1 nh\u00e2n sau \u0111\u00e2y c\u1ee7a kh\u00e1ch h\u00e0ng trong ph\u1ea1m vi quy \u0111\u1ecbnh t\u1ea1i m\u1ee5c &#8220;2. M\u1ee5c \u0111\u00edch s\u1eed d\u1ee5ng&#8221;.<br>\r\n            T\u00ean, ng\u00e0y sinh, gi\u1edbi t\u00ednh, \u0111\u1ecba ch\u1ec9, s\u1ed1 \u0111i\u1ec7n tho\u1ea1i, \u0111\u1ecba ch\u1ec9 e-mail, s\u1ed1 b\u1eb1ng l\u00e1i xe, ng\u00e0y l\u1ea5y b\u1eb1ng, s\u1ed1 kh\u00e1ch h\u00e0ng, th\u00f4ng tin n\u01a1i l\u00e0m vi\u1ec7c (t\u00ean, li\u00ean k\u1ebft, s\u1ed1 \u0111i\u1ec7n tho\u1ea1i, v.v.), l\u1ecbch s\u1eed s\u1eed d\u1ee5ng\r\n        <\/p>\r\n    <\/div>\r\n    <div class=\"g-box\">\r\n        <h2>5. Cung c\u1ea5p cho b\u00ean th\u1ee9 ba <\/h2>\r\n        <p>\r\n            C\u00f4ng ty TNHH Futaba Sangyo s\u1ebd kh\u00f4ng cung c\u1ea5p th\u00f4ng tin c\u00e1 nh\u00e2n cho b\u00ean th\u1ee9 ba tr\u1eeb nh\u1eefng tr\u01b0\u1eddng h\u1ee3p sau.\r\n            <ol>\r\n                <li>Khi cung c\u1ea5p cho c\u00f4ng ty \u0111\u00e3 \u0111\u01b0\u1ee3c s\u1ef1 \u0111\u1ed3ng \u00fd tr\u01b0\u1edbc c\u1ee7a kh\u00e1ch h\u00e0ng. <\/li>\r\n                <li>Khi ph\u00e1p lu\u1eadt y\u00eau c\u1ea7u. <\/li>\r\n                <li>Khi c\u1ea7n thi\u1ebft \u0111\u1ec3 b\u1ea3o v\u1ec7 t\u00ednh m\u1ea1ng, c\u01a1 th\u1ec3 ho\u1eb7c t\u00e0i s\u1ea3n c\u1ee7a con ng\u01b0\u1eddi v\u00e0 kh\u00f3 nh\u1eadn \u0111\u01b0\u1ee3c s\u1ef1 \u0111\u1ed3ng \u00fd c\u1ee7a kh\u00e1ch h\u00e0ng. <\/li>\r\n                <li>Khi \u0111i\u1ec1u \u0111\u00f3 \u0111\u1eb7c bi\u1ec7t c\u1ea7n thi\u1ebft \u0111\u1ec3 c\u1ea3i thi\u1ec7n s\u1ee9c kh\u1ecfe c\u1ed9ng \u0111\u1ed3ng ho\u1eb7c th\u00fac \u0111\u1ea9y s\u1ef1 ph\u00e1t tri\u1ec3n l\u00e0nh m\u1ea1nh c\u1ee7a tr\u1ebb em v\u00e0 r\u1ea5t kh\u00f3 \u0111\u1ec3 c\u00f3 \u0111\u01b0\u1ee3c s\u1ef1 \u0111\u1ed3ng \u00fd c\u1ee7a kh\u00e1ch h\u00e0ng. <\/li>\r\n                <li>Khi c\u1ea7n h\u1ee3p t\u00e1c v\u1edbi c\u01a1 quan qu\u1ed1c gia, c\u01a1 quan c\u00f4ng quy\u1ec1n \u0111\u1ecba ph\u01b0\u01a1ng ho\u1eb7c ng\u01b0\u1eddi \u0111\u01b0\u1ee3c h\u1ecd \u1ee7y th\u00e1c \u0111\u1ec3 th\u1ef1c hi\u1ec7n c\u00e1c c\u00f4ng vi\u1ec7c theo quy \u0111\u1ecbnh c\u1ee7a ph\u00e1p lu\u1eadt v\u00e0 \u0111\u01b0\u1ee3c s\u1ef1 \u0111\u1ed3ng \u00fd c\u1ee7a kh\u00e1ch h\u00e0ng s\u1ebd c\u1ea3n tr\u1edf vi\u1ec7c th\u1ef1c hi\u1ec7n c\u00f4ng vi\u1ec7c khi c\u00f3 r\u1ee7i ro c\u1ee7a <\/li>\r\n            <\/ol>\r\n        <\/p>\r\n    <\/div>\r\n    <div class=\"g-box\">\r\n        <h2>6. Ti\u1ebft l\u1ed9\/Ch\u1ec9nh s\u1eeda\/X\u00f3a <\/h2>\r\n        <p>\r\n            Futaba Sangyo Co., Ltd. c\u1ed1 g\u1eafng qu\u1ea3n l\u00fd th\u00f4ng tin c\u00e1 nh\u00e2n \u1edf tr\u1ea1ng th\u00e1i ch\u00ednh x\u00e1c v\u00e0 c\u1eadp nh\u1eadt. Ngo\u00e0i ra, khi kh\u00e1ch h\u00e0ng c\u00f3 y\u00eau c\u1ea7u ti\u1ebft l\u1ed9 c\u00e1c th\u00f4ng tin c\u00e1 nh\u00e2n do C\u00f4ng ty TNHH Futaba Sangyo n\u1eafm gi\u1eef s\u1ebd \u0111\u01b0\u1ee3c ti\u1ebft l\u1ed9 k\u1ecbp th\u1eddi d\u1ef1a tr\u00ean c\u00e1c th\u1ee7 t\u1ee5c quy \u0111\u1ecbnh. Do \u0111\u00f3, n\u1ebfu c\u00f3 b\u1ea5t k\u1ef3 th\u00f4ng tin n\u00e0o kh\u00f4ng ch\u00ednh x\u00e1c, ch\u00fang t\u00f4i s\u1ebd nhanh ch\u00f3ng \u0111\u00ednh ch\u00ednh ho\u1eb7c x\u00f3a th\u00f4ng tin \u0111\u00f3.\r\n            <ul>\r\n                <li>Th\u1ee7 t\u1ee5c ti\u1ebft l\u1ed9, ch\u1ec9nh s\u1eeda, \u0111\u00ecnh ch\u1ec9 s\u1eed d\u1ee5ng, v.v. <\/li>\r\n                <li>y\u00eau c\u1ea7u ti\u1ebft l\u1ed9 <\/li>\r\n                <li>Y\u00eau c\u1ea7u s\u1eeda ch\u1eefa, v.v. <\/li>\r\n            <\/ul>\r\n        <\/p>\r\n    <\/div>\r\n    <div class=\"g-box\">\r\n        <h2>7. Qu\u1ea3n l\u00fd an to\u00e0n <\/h2>\r\n        <p>\r\n            C\u00f4ng ty TNHH Futaba Sangyo s\u1ebd th\u1ef1c hi\u1ec7n c\u00e1c bi\u1ec7n ph\u00e1p c\u1ea7n thi\u1ebft v\u00e0 ph\u00f9 h\u1ee3p \u0111\u1ec3 ng\u0103n ch\u1eb7n r\u00f2 r\u1ec9, m\u1ea5t m\u00e1t ho\u1eb7c h\u01b0 h\u1ecfng th\u00f4ng tin c\u00e1 nh\u00e2n m\u00e0 c\u00f4ng ty x\u1eed l\u00fd v\u00e0 qu\u1ea3n l\u00fd an to\u00e0n kh\u00e1c. \r\n        <\/p>\r\n    <\/div>\r\n    <div class=\"g-box\">\r\n        <h2>8. Gi\u00e1o d\u1ee5c v\u00e0 gi\u00e1m s\u00e1t nh\u00e2n vi\u00ean <\/h2>\r\n        <p>\r\n            Khi c\u00f3 nh\u00e2n vi\u00ean x\u1eed l\u00fd th\u00f4ng tin c\u00e1 nh\u00e2n, C\u00f4ng ty TNHH Futaba Sangyo s\u1ebd ti\u1ebfn h\u00e0nh gi\u00e1o d\u1ee5c nh\u00e2n vi\u00ean li\u00ean t\u1ee5c \u0111\u1ec3 \u0111\u1ea3m b\u1ea3o qu\u1ea3n l\u00fd an to\u00e0n th\u00f4ng tin c\u00e1 nh\u00e2n v\u00e0 s\u1ebd th\u1ef1c hi\u1ec7n gi\u00e1m s\u00e1t th\u00edch h\u1ee3p. \r\n        <\/p>\r\n    <\/div>\r\n    <div class=\"g-box\">\r\n        <h2>9. Gi\u00e1m s\u00e1t nh\u00e0 th\u1ea7u ph\u1ee5 <\/h2>\r\n        <p>\r\n            Khi thu\u00ea ngo\u00e0i to\u00e0n b\u1ed9 ho\u1eb7c m\u1ed9t ph\u1ea7n vi\u1ec7c x\u1eed l\u00fd th\u00f4ng tin c\u00e1 nh\u00e2n, C\u00f4ng ty TNHH Futaba Sangyo s\u1ebd ti\u1ebfn h\u00e0nh gi\u00e1m s\u00e1t c\u1ea7n thi\u1ebft v\u00e0 th\u00edch h\u1ee3p \u0111\u1ed1i v\u1edbi b\u00ean thu\u00ea ngo\u00e0i \u0111\u1ec3 \u0111\u1ea3m b\u1ea3o qu\u1ea3n l\u00fd an to\u00e0n th\u00f4ng tin c\u00e1 nh\u00e2n \u0111\u01b0\u1ee3c \u1ee7y th\u00e1c x\u1eed l\u00fd gia t\u0103ng. \r\n        <\/p>\r\n    <\/div>\r\n    <div class=\"g-box\">\r\n        <h2>10. x\u1eed l\u00fd khi\u1ebfu n\u1ea1i<\/h2>\r\n        <p>\r\n            C\u00f4ng ty TNHH Futaba Sangyo s\u1ebd ph\u1ea3n h\u1ed3i m\u1ed9t c\u00e1ch th\u00edch h\u1ee3p v\u00e0 k\u1ecbp th\u1eddi \u0111\u1ed1i v\u1edbi c\u00e1c khi\u1ebfu n\u1ea1i li\u00ean quan \u0111\u1ebfn vi\u1ec7c x\u1eed l\u00fd th\u00f4ng tin c\u00e1 nh\u00e2n. \r\n        <\/p>\r\n    <\/div>\r\n<\/div>","protected":false},"excerpt":{"rendered":"1. Tu\u00e2n th\u1ee7 ph\u00e1p lu\u1eadt v\u00e0 c\u00e1c quy \u0111\u1ecbnh C\u00f4ng ty TNHH Futaba Sangyo s\u1ebd tu\u00e2n th\u1ee7 ph\u00e1p lu\u1eadt v\u00e0 c\u00e1c quy \u0111\u1ecbnh li\u00ean qu &hellip; <p class=\"link-more\"><a href=\"https:\/\/futaba-s.co.jp\/vi\/kojin.html\" class=\"more-link\">Continue reading<span class=\"screen-reader-text\"> &#8220;Ch\u00ednh s\u00e1ch b\u1ea3o m\u1eadt&#8221;<\/span><\/a><\/p>","protected":false},"author":5,"featured_media":103,"parent":0,"menu_order":0,"comment_status":"closed","ping_status":"open","template":"","meta":{"_locale":"vi","_original_post":"http:\/\/futaba-s.co.jp\/?page_id=3","footnotes":""},"class_list":["post-518","page","type-page","status-publish","has-post-thumbnail","hentry","vi"],"aioseo_notices":[],"_links":{"self":[{"href":"https:\/\/futaba-s.co.jp\/wp-json\/wp\/v2\/pages\/518","targetHints":{"allow":["GET"]}}],"collection":[{"href":"https:\/\/futaba-s.co.jp\/wp-json\/wp\/v2\/pages"}],"about":[{"href":"https:\/\/futaba-s.co.jp\/wp-json\/wp\/v2\/types\/page"}],"author":[{"embeddable":true,"href":"https:\/\/futaba-s.co.jp\/wp-json\/wp\/v2\/users\/5"}],"replies":[{"embeddable":true,"href":"https:\/\/futaba-s.co.jp\/wp-json\/wp\/v2\/comments?post=518"}],"version-history":[{"count":3,"href":"https:\/\/futaba-s.co.jp\/wp-json\/wp\/v2\/pages\/518\/revisions"}],"predecessor-version":[{"id":1004,"href":"https:\/\/futaba-s.co.jp\/wp-json\/wp\/v2\/pages\/518\/revisions\/1004"}],"wp:featuredmedia":[{"embeddable":true,"href":"https:\/\/futaba-s.co.jp\/wp-json\/wp\/v2\/media\/103"}],"wp:attachment":[{"href":"https:\/\/futaba-s.co.jp\/wp-json\/wp\/v2\/media?parent=518"}],"curies":[{"name":"wp","href":"https:\/\/api.w.org\/{rel}","templated":true}]}}