{"id":524,"date":"2023-07-31T18:12:52","date_gmt":"2023-07-31T09:12:52","guid":{"rendered":"http:\/\/futaba-s.co.jp\/?page_id=524"},"modified":"2025-03-04T16:16:30","modified_gmt":"2025-03-04T07:16:30","slug":"sample-page","status":"publish","type":"page","link":"https:\/\/futaba-s.co.jp\/","title":{"rendered":"C\u00f4ng ty TNHH Futaba Sangyo (b\u1ecdc gh\u1ebf, m\u00fat urethane, ph\u1ee5 t\u00f9ng n\u1ed9i th\u1ea5t \u00f4 t\u00f4 t\u1ef1a \u0111\u1ea7u)"},"content":{"rendered":"<div class=\"wrap\">\r\n    <div class=\"introduction_main top_msg wrap\" data-scroll=\"a-fadeUp\">\r\n        <div class=\"msg_area\">\r\n            <div class=\"flexbox\">\r\n                <div class=\"about_img\">\r\n                    <img decoding=\"async\" src=\"..\/wp-content\/themes\/yodoq_theme2\/assets\/images\/top\/top_msg_img.jpg\" alt=\"V\u1ec1 ch\u00fang t\u00f4i\">\r\n                <\/div>\r\n                <div class=\"about\">\r\n                    <h2>Nh\u1ea1y c\u1ea3m v\u1edbi nh\u1eefng thay \u0111\u1ed5i c\u1ee7a th\u1eddi \u0111\u1ea1i v\u00e0 x\u00e3 h\u1ed9i.<br>\u0110i\u1ec1u qu\u00fd gi\u00e1 nh\u1ea5t b\u00e2y gi\u1edd.<\/h2>\r\n                    <p data-scroll=\"a-fadeUp\" class=\"education-title_eng\">about us<\/p>\r\n                    <p>\r\n                        C\u00f4ng vi\u1ec7c c\u1ee7a ch\u00fang t\u00f4i l\u00e0 n\u1eafm b\u1eaft ch\u00ednh x\u00e1c nhu c\u1ea7u \u0111a d\u1ea1ng c\u1ee7a kh\u00e1ch h\u00e0ng, \u0111\u1ec1 xu\u1ea5t v\u00e0 cung c\u1ea5p c\u00e1c s\u1ea3n ph\u1ea9m v\u1edbi gi\u00e1 c\u1ea3 h\u1ee3p l\u00fd m\u00e0 chi ph\u00ed l\u1ea1i c\u1ef1c k\u1ef3 ti\u1ebft ki\u1ec7m.\r\n                    <\/p>\r\n                    <p>\r\n                        Nh\u1ea1y c\u1ea3m v\u1edbi nh\u1eefng thay \u0111\u1ed5i c\u1ee7a x\u00e3 h\u1ed9i v\u00e0 nh\u1eefng gi\u00e1 tr\u1ecb t\u1ea7m th\u01b0\u1eddng kh\u00e1c bi\u1ec7t theo th\u1ebf h\u1ec7, m\u1ed7i nh\u00e2n vi\u00ean \u0111\u1ec1u trau d\u1ed3i gi\u00e1c quan, t\u00edch l\u0169y tr\u00ed tu\u1ec7 v\u00e0 kinh nghi\u1ec7m, ti\u1ebfn h\u00e0nh nghi\u00ean c\u1ee9u v\u00e0 ph\u00e1t tri\u1ec3n v\u1edbi ni\u1ec1m \u0111am m\u00ea \u0111\u1ec3 ti\u1ebfp t\u1ee5c cung c\u1ea5p nh\u1eefng s\u1ea3n ph\u1ea9m \u0111\u00fang th\u1eddi h\u1ea1n.\r\n                    <\/p>\r\n                    <a href=\"\/vi\/naisouseihin.html\" class=\"btn btn-flat\">\r\n                        <span>T\u00ecm hi\u1ec3u v\u1ec1 c\u00f4ng ngh\u1ec7 c\u1ee7a Futaba Sangyo<\/span>\r\n                    <\/a>\r\n                <\/div>\r\n            <\/div>\r\n        <\/div>\r\n    <\/div>\r\n<\/div>\r\n<div class=\" top_product\">\r\n    <div class=\"wrap\">\r\n        <div class=\"introduction_main\" data-scroll=\"a-fadeUp\">\r\n            <h2>Gi\u01a1i thi\u00ea\u0323u sa\u0309n ph\u00e2\u0309m<\/h2>\r\n            <p data-scroll=\"a-fadeUp\" class=\"education-title_eng\">product<\/p>\r\n        <\/div>\r\n        <ul class=\"recruit_top_list\" data-scroll=\"a-fadeUp\">\r\n            <li>\r\n                <a href=\"\/vi\/naisouseihin\/shiitokaba.html\">\r\n                    <img decoding=\"async\" src=\"..\/wp-content\/themes\/yodoq_theme2\/assets\/images\/top\/sheet-cover_top.jpg\" alt=\"V\u1ecf b\u1ecdc gh\u1ebf ng\u1ed3i\">\r\n                    <div class=\"hover_box\">\r\n                        <div class=\"__inner\">\r\n                            <div class=\"__innertitle\">V\u1ecf b\u1ecdc gh\u1ebf ng\u1ed3i<\/div>\r\n                            <p>L\u00e0 m\u1ed9t trong nh\u1eefng nh\u00e0 s\u1ea3n xu\u1ea5t may l\u1edbn nh\u1ea5t t\u1ea1i Nh\u1eadt B\u1ea3n\r\n                                M\u1ed9t lo\u1ea1t c\u00e1c b\u1ecdc gh\u1ebf nh\u01b0 s\u1ea3n ph\u1ea9m da\r\n                                Ch\u00fang t\u00f4i cung c\u1ea5p cho kh\u00e1ch h\u00e0ng c\u1ee7a ch\u00fang t\u00f4i.<\/p>\r\n                        <\/div>\r\n                    <\/div>\r\n                <\/a>\r\n                <h3>V\u1ecf b\u1ecdc gh\u1ebf ng\u1ed3i<\/h3>\r\n            <\/li>\r\n            <li>\r\n                <a href=\"\/vi\/naisouseihin\/uretanhappou.html\">\r\n                    <img decoding=\"async\" src=\"..\/wp-content\/themes\/yodoq_theme2\/assets\/images\/top\/uretan_top.jpg\" alt=\"b\u1ecdt urethane\">\r\n                    <div class=\"hover_box\">\r\n                        <div class=\"__inner\">\r\n                            <div class=\"__innertitle\">b\u1ecdt urethane<\/div>\r\n                            <p>Ch\u00fang t\u00f4i cam k\u1ebft c\u1ea3i thi\u1ec7n kh\u00f4ng gian ti\u1ec7n nghi b\u00ean trong xe v\u00e0 s\u1ea3n xu\u1ea5t nh\u1eefng chi\u1ebfc gh\u1ebf ng\u1ed3i tho\u1ea3i m\u00e1i h\u1ed7 tr\u1ee3 l\u00e1i xe t\u1ed1i \u01b0u.<\/p>\r\n                        <\/div>\r\n                    <\/div>\r\n                <\/a>\r\n                <h3>b\u1ecdt urethane<\/h3>\r\n            <\/li>\r\n            <li>\r\n                <a href=\"\/vi\/naisouseihin\/heddoresuto.html\">\r\n                    <img decoding=\"async\" src=\"..\/wp-content\/themes\/yodoq_theme2\/assets\/images\/top\/head_top.jpg\" alt=\"t\u1ef1a \u0111\u1ea7u\">\r\n                    <div class=\"hover_box\">\r\n                        <div class=\"__inner\">\r\n                            <div class=\"__innertitle\">t\u1ef1a \u0111\u1ea7u<\/div>\r\n                            <p>B\u1eb1ng c\u00e1ch t\u1ea1o b\u1ecdt t\u00edch h\u1ee3p n\u1eafp \u0111\u00e3 kh\u00e2u b\u1eb1ng m\u00e1y t\u1ea1o b\u1ecdt,\r\n                                S\u1ea3n ph\u1ea9m t\u1ef1a \u0111\u1ea7u ch\u1ea5t l\u01b0\u1ee3ng cao, gi\u00e1 r\u1ebb\r\n                                Ch\u00fang t\u00f4i s\u1ea3n xu\u1ea5t h\u00e0ng ng\u00e0y.<\/p>\r\n                        <\/div>\r\n                    <\/div>\r\n                <\/a>\r\n                <h3>t\u1ef1a \u0111\u1ea7u<\/h3>\r\n            <\/li>\r\n            <li>\r\n                <a href=\"\/vi\/naisouseihin\/doatorimu.html\">\r\n                    <img decoding=\"async\" src=\"..\/wp-content\/themes\/yodoq_theme2\/assets\/images\/top\/door_top.jpg\" alt=\"trang tr\u00ed c\u1eeda\">\r\n                    <div class=\"hover_box\">\r\n                        <div class=\"__inner\">\r\n                            <div class=\"__innertitle\">trang tr\u00ed c\u1eeda<\/div>\r\n                            <p>Ph\u00f9 h\u1ee3p v\u1edbi t\u1eebng d\u00f2ng xe \u0111\u1ec3 l\u00f3t c\u1eeda\r\n                                L\u1eafp r\u00e1p c\u00e1c b\u1ed9 ph\u1eadn, th\u1ef1c hi\u1ec7n c\u00e1c ch\u1ee9c n\u0103ng c\u1ea7n thi\u1ebft,\r\n                                T\u1ea1o n\u1ed9i th\u1ea5t c\u1ee7a chi\u1ebfc xe c\u1ee7a b\u1ea1n.<\/p>\r\n                        <\/div>\r\n                    <\/div>\r\n                <\/a>\r\n                <h3>trang tr\u00ed c\u1eeda<\/h3>\r\n            <\/li>\r\n            <li>\r\n                <a href=\"\/vi\/naisouseihin\/bankin.html\">\r\n                    <img decoding=\"async\" src=\"..\/wp-content\/themes\/yodoq_theme2\/assets\/images\/top\/frame_top.jpg\" alt=\"h\u00e0n khung gh\u1ebf\">\r\n                    <div class=\"hover_box\">\r\n                        <div class=\"__inner\">\r\n                            <div class=\"__innertitle\">h\u00e0n khung gh\u1ebf<\/div>\r\n                            <p>H\u00e0n khung gh\u1ebf \u00f4 t\u00f4<br>Mang l\u1ea1i c\u1ea3m gi\u00e1c tho\u1ea3i m\u00e1i v\u00e0 an to\u00e0n khi l\u00e1i xe.<\/p>\r\n                        <\/div>\r\n                    <\/div>\r\n                <\/a>\r\n                <h3>h\u00e0n khung gh\u1ebf<\/h3>\r\n            <\/li>\r\n            <li>\r\n                <a href=\"\/vi\/naisouseihin\/ruufu.html\">\r\n                    <img decoding=\"async\" src=\"..\/wp-content\/themes\/yodoq_theme2\/assets\/images\/top\/roof_top.jpg\" alt=\"m\u00e1i nh\u00e0\">\r\n                    <div class=\"hover_box\">\r\n                        <div class=\"__inner\">\r\n                            <div class=\"__innertitle\">m\u00e1i nh\u00e0<\/div>\r\n                            <p>M\u00e1i nh\u00e0 \u0111\u00f3ng vai tr\u00f2 l\u00e0 v\u1eadt li\u1ec7u tr\u1ea7n cho c\u0103n ph\u00f2ng<br \/>\r\n                                B\u1eb1ng c\u00e1ch \u0111\u00fac khu\u00f4n m\u1ecfng m\u00e0 v\u1eabn \u0111\u1ea3m b\u1ea3o an to\u00e0n,\r\n                                N\u00f3 cung c\u1ea5p m\u1ed9t kh\u00f4ng gian n\u1ed9i th\u1ea5t tho\u1ea3i m\u00e1i.\r\n                            <\/p>\r\n                        <\/div>\r\n                    <\/div>\r\n                <\/a>\r\n                <h3>m\u00e1i nh\u00e0<\/h3>\r\n            <\/li>\r\n        <\/ul>\r\n    <\/div>\r\n<\/div>\r\n<div class=\"top_company\">\r\n    <div class=\" wrap\" data-scroll=\"a-fadeUp\">\r\n        <div class=\"flexbox\">\r\n            <div class=\"company_list\">\r\n                <div class=\"top_c_img\">\r\n                    <img decoding=\"async\" src=\"..\/wp-content\/themes\/yodoq_theme2\/assets\/images\/company\/top-kaisya.jpg\" alt=\"H\u1ed3 s\u01a1 c\u00f4ng ty\">\r\n                <\/div>\r\n                <div class=\"top_c_txt\">\r\n                    <h2>H\u1ed3 s\u01a1 c\u00f4ng ty<\/h2>\r\n                    <p>K\u1ec3 t\u1eeb khi th\u00e0nh l\u1eadp, ch\u00fang t\u00f4i \u0111\u00e3 ti\u1ebfp t\u1ee5c \u0111\u00f3ng m\u1ed9t vai tr\u00f2 trong ng\u00e0nh c\u00f4ng nghi\u1ec7p \u00f4 t\u00f4 th\u00f4ng qua vi\u1ec7c s\u1ea3n xu\u1ea5t c\u00e1c b\u1ed9 ph\u1eadn n\u1ed9i th\u1ea5t n\u00f3i chung, b\u1eaft \u0111\u1ea7u v\u1edbi b\u1ecdc gh\u1ebf \u00f4 t\u00f4. Ch\u00fang t\u00f4i lu\u00f4n quan t\u00e2m \u0111\u1ebfn nhu c\u1ea7u \u0111a d\u1ea1ng h\u00f3a, n\u1ed7 l\u1ef1c n\u00e2ng cao hi\u1ec7u qu\u1ea3 s\u1ea3n xu\u1ea5t v\u00e0 gi\u1ea3m chi ph\u00ed, \u0111\u1ed3ng th\u1eddi ph\u00e1t tri\u1ec3n c\u00e1c c\u00f4ng ngh\u1ec7 \u0111\u1eb3ng c\u1ea5p th\u1ebf gi\u1edbi v\u1edbi m\u1ee5c ti\u00eau t\u1ea1o ra \u201cnh\u1eefng s\u1ea3n ph\u1ea9m kh\u00e1c\u201d.\r\n                    <\/p>\r\n                    <div class=\"company_list_link\">\r\n                        <a href=\"\/vi\/gaiyou.html\">\r\n                            <span>MORE<\/span>\r\n                        <\/a>\r\n                    <\/div>\r\n                <\/div>\r\n            <\/div>\r\n            <div class=\"company_list recruit_info mrg_btm\">\r\n                <div class=\"top_c_img\">\r\n                    <img decoding=\"async\" src=\"..\/wp-content\/themes\/yodoq_theme2\/assets\/images\/company\/top-saiyo.jpg\" alt=\"th\u00f4ng tin tuy\u1ec3n d\u1ee5ng\">\r\n                <\/div>\r\n                <div class=\"top_c_txt\">\r\n                    <h2>th\u00f4ng tin tuy\u1ec3n d\u1ee5ng<\/h2>\r\n                    <p>\r\n                        Futaba Sangyo \u0111ang t\u00ecm ng\u01b0\u1eddi \u0111\u1ec3 l\u00e0m vi\u1ec7c c\u00f9ng. <br>\r\n                        D\u1ef1a tr\u00ean \u0110\u1ea1o lu\u1eadt Khuy\u1ebfn kh\u00edch S\u1ef1 tham gia v\u00e0 Th\u0103ng ti\u1ebfn c\u1ee7a Ph\u1ee5 n\u1eef t\u1ea1i N\u01a1i l\u00e0m vi\u1ec7c, c\u00f4ng ty ch\u00fang t\u00f4i \u0111\u00e3 \u0111\u1ea1t \u0111\u01b0\u1ee3c C\u1ea5p \u0111\u1ed9 3, c\u1ea5p b\u1eadc cao nh\u1ea5t, trong ch\u1ee9ng nh\u1eadn &#8220;Eruboshi&#8221; v\u00e0 ch\u00fang t\u00f4i c\u1ed1 g\u1eafng h\u00e0ng ng\u00e0y \u0111\u1ec3 t\u1ea1o ra m\u1ed9t m\u00f4i tr\u01b0\u1eddng l\u00e0m vi\u1ec7c tho\u1ea3i m\u00e1i cho c\u1ea3 nam gi\u1edbi v\u00e0 n\u1eef gi\u1edbi.\r\n                    <\/p>\r\n                    <div class=\"company_list_link\">\r\n                        <a href=\"\/vi\/saiyou.html\">\r\n                            <span>MORE<\/span>\r\n                        <\/a>\r\n                    <\/div>\r\n                <\/div>\r\n            <\/div>\r\n        <\/div>\r\n    <\/div>\r\n<\/div>","protected":false},"excerpt":{"rendered":"Nh\u1ea1y c\u1ea3m v\u1edbi nh\u1eefng thay \u0111\u1ed5i c\u1ee7a th\u1eddi \u0111\u1ea1i v\u00e0 x\u00e3 h\u1ed9i.\u0110i\u1ec1u qu\u00fd gi\u00e1 nh\u1ea5t b\u00e2y gi\u1edd. about us C\u00f4ng vi\u1ec7c c\u1ee7a ch\u00fang t\u00f4i &hellip; <p class=\"link-more\"><a href=\"https:\/\/futaba-s.co.jp\/\" class=\"more-link\">Continue reading<span class=\"screen-reader-text\"> &#8220;C\u00f4ng ty TNHH Futaba Sangyo (b\u1ecdc gh\u1ebf, m\u00fat urethane, ph\u1ee5 t\u00f9ng n\u1ed9i th\u1ea5t \u00f4 t\u00f4 t\u1ef1a \u0111\u1ea7u)&#8221;<\/span><\/a><\/p>","protected":false},"author":5,"featured_media":0,"parent":0,"menu_order":0,"comment_status":"closed","ping_status":"open","template":"","meta":{"_locale":"vi","_original_post":"http:\/\/futaba-s.co.jp\/?page_id=2","footnotes":""},"class_list":["post-524","page","type-page","status-publish","hentry","vi"],"aioseo_notices":[],"_links":{"self":[{"href":"https:\/\/futaba-s.co.jp\/wp-json\/wp\/v2\/pages\/524","targetHints":{"allow":["GET"]}}],"collection":[{"href":"https:\/\/futaba-s.co.jp\/wp-json\/wp\/v2\/pages"}],"about":[{"href":"https:\/\/futaba-s.co.jp\/wp-json\/wp\/v2\/types\/page"}],"author":[{"embeddable":true,"href":"https:\/\/futaba-s.co.jp\/wp-json\/wp\/v2\/users\/5"}],"replies":[{"embeddable":true,"href":"https:\/\/futaba-s.co.jp\/wp-json\/wp\/v2\/comments?post=524"}],"version-history":[{"count":6,"href":"https:\/\/futaba-s.co.jp\/wp-json\/wp\/v2\/pages\/524\/revisions"}],"predecessor-version":[{"id":991,"href":"https:\/\/futaba-s.co.jp\/wp-json\/wp\/v2\/pages\/524\/revisions\/991"}],"wp:attachment":[{"href":"https:\/\/futaba-s.co.jp\/wp-json\/wp\/v2\/media?parent=524"}],"curies":[{"name":"wp","href":"https:\/\/api.w.org\/{rel}","templated":true}]}}