{"id":530,"date":"2023-07-31T18:03:36","date_gmt":"2023-07-31T09:03:36","guid":{"rendered":"http:\/\/futaba-s.co.jp\/?page_id=530"},"modified":"2025-03-04T16:17:49","modified_gmt":"2025-03-04T07:17:49","slug":"saiyou","status":"publish","type":"page","link":"https:\/\/futaba-s.co.jp\/vi\/saiyou.html","title":{"rendered":"th\u00f4ng tin tuy\u1ec3n d\u1ee5ng"},"content":{"rendered":"<div class=\"introduction_sub recruit_area\" data-scroll=\"a-fadeUp\">\r\n    <div class=\"g-box\">\r\n        <div class=\"eruboshi_box\">\r\n            <div class=\"left\">\r\n                <img decoding=\"async\" src=\"..\/wp-content\/themes\/yodoq_theme2\/assets\/images\/top\/eruboshi.png\" alt=\"Ch\u1ee9ng nh\u1eadn Eruboshi\">\r\n            <\/div>\r\n            <div class=\"right\">\r\n <p class=\"recruit_msg\">\r\n    Futaba Sangyo \u0111ang t\u00ecm ng\u01b0\u1eddi \u0111\u1ec3 l\u00e0m vi\u1ec7c c\u00f9ng.\r\n        <\/p>\r\n                <p>Ch\u00fang t\u00f4i \u0111\u00e3 \u0111\u1ea1t \u0111\u01b0\u1ee3c th\u1ee9 h\u1ea1ng cao nh\u1ea5t, C\u1ea5p \u0111\u1ed9 3, trong ch\u1ee9ng nh\u1eadn Eruboshi d\u1ef1a tr\u00ean \u0110\u1ea1o lu\u1eadt Th\u00fac \u0111\u1ea9y S\u1ef1 tham gia v\u00e0 Th\u0103ng ti\u1ebfn c\u1ee7a Ph\u1ee5 n\u1eef t\u1ea1i N\u01a1i l\u00e0m vi\u1ec7c.<br>\r\n                    Ba sao \u0111\u01b0\u1ee3c trao cho c\u00e1c c\u00f4ng ty \u0111\u00e1p \u1ee9ng t\u1ea5t c\u1ea3 c\u00e1c ti\u00eau ch\u00ed ch\u1ee9ng nh\u1eadn v\u1ec1 &#8220;tuy\u1ec3n d\u1ee5ng&#8221;, &#8220;vi\u1ec7c l\u00e0m li\u00ean t\u1ee5c&#8221;, &#8220;phong c\u00e1ch l\u00e0m vi\u1ec7c nh\u01b0 gi\u1edd l\u00e0m vi\u1ec7c&#8221;, &#8220;t\u1ef7 l\u1ec7 qu\u1ea3n l\u00fd&#8221; v\u00e0 &#8220;c\u00e1c kh\u00f3a h\u1ecdc ngh\u1ec1 nghi\u1ec7p \u0111a d\u1ea1ng&#8221;.\r\n                <\/p>\r\n                <p>M\u1ed7i nh\u00e2n vi\u00ean, kh\u00f4ng ph\u00e2n bi\u1ec7t gi\u1edbi t\u00ednh, \u0111\u1ec1u n\u1ed7 l\u1ef1c t\u1eebng ng\u00e0y \u0111\u1ec3 \u0111\u1ea1t \u0111\u01b0\u1ee3c l\u1ed1i s\u1ed1ng c\u00e2n b\u1eb1ng gi\u1eefa c\u00f4ng vi\u1ec7c v\u00e0 cu\u1ed9c s\u1ed1ng ri\u00eang t\u01b0.<\/p>\r\n            <\/div>\r\n        <\/div>\r\n    <\/div>\r\n<\/div>\r\n<div class=\"introduction_sub recruit_area\" data-scroll=\"a-fadeUp\" id=\"policy\">\r\n    <div class=\"g-box\">\r\n        <h2 class=\"under_ttl\">Y\u00eau c\u1ea7u \u1ee9ng d\u1ee5ng<span>job description<\/span><\/h2>\r\n        <!--<h3>Tuy\u1ec3n d\u1ee5ng nh\u00e2n vi\u00ean nh\u00e0 m\u00e1y Kyushu<\/h3>-->\r\n        <p style=\"text-align:left; margin-top:1.0rem; margin-bottom:3.5rem;\">Ch\u00fang t\u00f4i hi\u1ec7n kh\u00f4ng tuy\u1ec3n d\u1ee5ng.<\/p>\r\n    <\/div>\r\n<\/div>\r\n","protected":false},"excerpt":{"rendered":"Futaba Sangyo \u0111ang t\u00ecm ng\u01b0\u1eddi \u0111\u1ec3 l\u00e0m vi\u1ec7c c\u00f9ng. Ch\u00fang t\u00f4i \u0111\u00e3 \u0111\u1ea1t \u0111\u01b0\u1ee3c th\u1ee9 h\u1ea1ng cao nh\u1ea5t, C\u1ea5p \u0111\u1ed9 3, trong ch\u1ee9ng  &hellip; <p class=\"link-more\"><a href=\"https:\/\/futaba-s.co.jp\/vi\/saiyou.html\" class=\"more-link\">Continue reading<span class=\"screen-reader-text\"> &#8220;th\u00f4ng tin tuy\u1ec3n d\u1ee5ng&#8221;<\/span><\/a><\/p>","protected":false},"author":5,"featured_media":450,"parent":0,"menu_order":0,"comment_status":"closed","ping_status":"closed","template":"","meta":{"_locale":"vi","_original_post":"http:\/\/futaba-s.co.jp\/?page_id=42","footnotes":""},"class_list":["post-530","page","type-page","status-publish","has-post-thumbnail","hentry","vi"],"aioseo_notices":[],"_links":{"self":[{"href":"https:\/\/futaba-s.co.jp\/wp-json\/wp\/v2\/pages\/530","targetHints":{"allow":["GET"]}}],"collection":[{"href":"https:\/\/futaba-s.co.jp\/wp-json\/wp\/v2\/pages"}],"about":[{"href":"https:\/\/futaba-s.co.jp\/wp-json\/wp\/v2\/types\/page"}],"author":[{"embeddable":true,"href":"https:\/\/futaba-s.co.jp\/wp-json\/wp\/v2\/users\/5"}],"replies":[{"embeddable":true,"href":"https:\/\/futaba-s.co.jp\/wp-json\/wp\/v2\/comments?post=530"}],"version-history":[{"count":7,"href":"https:\/\/futaba-s.co.jp\/wp-json\/wp\/v2\/pages\/530\/revisions"}],"predecessor-version":[{"id":986,"href":"https:\/\/futaba-s.co.jp\/wp-json\/wp\/v2\/pages\/530\/revisions\/986"}],"wp:featuredmedia":[{"embeddable":true,"href":"https:\/\/futaba-s.co.jp\/wp-json\/wp\/v2\/media\/450"}],"wp:attachment":[{"href":"https:\/\/futaba-s.co.jp\/wp-json\/wp\/v2\/media?parent=530"}],"curies":[{"name":"wp","href":"https:\/\/api.w.org\/{rel}","templated":true}]}}