{"id":542,"date":"2023-07-31T17:51:13","date_gmt":"2023-07-31T08:51:13","guid":{"rendered":"http:\/\/futaba-s.co.jp\/?page_id=542"},"modified":"2025-03-04T16:16:30","modified_gmt":"2025-03-04T07:16:30","slug":"naisouseihin","status":"publish","type":"page","link":"https:\/\/futaba-s.co.jp\/vi\/naisouseihin.html","title":{"rendered":"Gi\u01a1i thi\u00ea\u0323u sa\u0309n ph\u00e2\u0309m"},"content":{"rendered":"<div class=\"introduction_sub product_area\" data-scroll=\"a-fadeUp\">\r\n    <div class=\"g-box product_list\">\r\n        <h2 class=\"under_ttl\">s\u1ea3n ph\u1ea9m n\u1ed9i th\u1ea5t \u00f4 t\u00f4<span>product<\/span><\/h2>\r\n        <p>Futaba Sangyo s\u1ea3n xu\u1ea5t c\u00e1c s\u1ea3n ph\u1ea9m n\u1ed9i th\u1ea5t \u00f4 t\u00f4. B\u1ea1n c\u00f3 th\u1ec3 xem t\u1eebng quy tr\u00ecnh s\u1ea3n xu\u1ea5t b\u1eb1ng c\u00e1ch nh\u1ea5p v\u00e0o n\u00fat.\r\n        <\/p>\r\n    <\/div>\r\n    <div class=\"flexbox product_main_t\">\r\n        <div class=\"g-box product_left\">\r\n            <img decoding=\"async\" src=\"..\/wp-content\/themes\/yodoq_theme2\/assets\/images\/page\/naisouseihin_img01-vi.jpg\" alt=\"s\u1ea3n ph\u1ea9m n\u1ed9i th\u1ea5t \u00f4 t\u00f4\">\r\n        <\/div>\r\n        <div class=\"g-box product_right\">\r\n            <div class=\"flexbox-wrap\">\r\n                <a href=\"\/vi\/naisouseihin\/shiitokaba.html\" class=\"btn btn-flat\">\r\n                    <span>V\u1ecf b\u1ecdc gh\u1ebf ng\u1ed3i<\/span>\r\n                <\/a>\r\n                <a href=\"\/vi\/naisouseihin\/uretanhappou.html\" class=\"btn btn-flat\">\r\n                    <span>b\u1ecdt urethane<\/span>\r\n                <\/a>\r\n                <a href=\"\/vi\/naisouseihin\/heddoresuto.html\" class=\"btn btn-flat\">\r\n                    <span>t\u1ef1a \u0111\u1ea7u<\/span>\r\n                <\/a>\r\n                <a href=\"\/vi\/naisouseihin\/doatorimu.html\" class=\"btn btn-flat\">\r\n                    <span>trang tr\u00ed c\u1eeda<\/span>\r\n                <\/a>\r\n                <a href=\"\/vi\/naisouseihin\/bankin.html\" class=\"btn btn-flat\">\r\n                    <span>h\u00e0n khung gh\u1ebf<\/span>\r\n                <\/a>\r\n                <a href=\"\/vi\/naisouseihin\/ruufu.html\" class=\"btn btn-flat\">\r\n                    <span>m\u00e1i nh\u00e0<\/span>\r\n                <\/a>\r\n            <\/div>\r\n        <\/div>\r\n    <\/div>\r\n<\/div>\r\n<div class=\"introduction_sub product_area\" data-scroll=\"a-fadeUp\">\r\n    <div class=\"g-box product_list\">\r\n        <h2 class=\"under_ttl\">FSS\uff08h\u1ec7 th\u1ed1ng may futaba\uff09<span>FSS<\/span><\/h2>\r\n        <p>\r\n            H\u1ec7 th\u1ed1ng n\u00e0y ra \u0111\u1eddi nh\u1eb1m lo\u1ea1i b\u1ecf t\u00ecnh tr\u1ea1ng l\u00e3ng ph\u00ed do s\u1ea3n xu\u1ea5t th\u1eeba v\u00e0 \u0111\u01b0\u1ee3c \u0111\u01b0a v\u00e0o \u1ee9ng d\u1ee5ng t\u1eeb r\u1ea5t s\u1edbm trong vi\u1ec7c may \u00e1o b\u1ecdc gh\u1ebf \u00f4 t\u00f4.<br>\r\n            T\u1ea1i FSS, ch\u00fang t\u00f4i \u0111\u00e3 \u00e1p d\u1ee5ng ph\u01b0\u01a1ng ph\u00e1p &#8220;s\u1ea3n xu\u1ea5t theo lu\u1ed3ng m\u1ed9t s\u1ea3n ph\u1ea9m&#8221;, trong \u0111\u00f3 c\u00e1c b\u1ed9 ph\u1eadn \u0111\u01b0\u1ee3c x\u1eed l\u00fd l\u1ea7n l\u01b0\u1ee3t theo th\u1ee9 t\u1ef1 c\u1ee7a quy tr\u00ecnh, sau \u0111\u00f3 g\u1eedi t\u1eebng b\u1ed9 ph\u1eadn m\u1ed9t \u0111\u1ebfn quy tr\u00ecnh ti\u1ebfp theo theo th\u1ee9 t\u1ef1.\r\n        <\/p>\r\n        <div class=\"fss_box flexbox\">\r\n            <div class=\"fss_box_mini\">\r\n                <h4>L\u00f4 ch\u00ecm (ch\u00ecm t\u00edch l\u0169y)<\/h4>\r\n                <p>\u0110\u00f3 l\u00e0 m\u1ed9t ph\u01b0\u01a1ng ph\u00e1p \u0111\u1ec3 k\u1ebft th\u00fac m\u1ed9t qu\u00e1 tr\u00ecnh v\u00e0 chuy\u1ec3n sang qu\u00e1 tr\u00ecnh ti\u1ebfp theo.<\/p>\r\n                <div class=\"img\">\r\n                    <img decoding=\"async\" src=\"..\/wp-content\/themes\/yodoq_theme2\/assets\/images\/product\/product_02-vi.png\" alt=\"L\u00f4 ch\u00ecm (ch\u00ecm t\u00edch l\u0169y)\">\r\n                <\/div>\r\n            <\/div>\r\n            <div class=\"triangle1\"><\/div>\r\n            <div class=\"triangle1\"><\/div>\r\n            <div class=\"fss_box_mini fss_point\">\r\n                <p class=\"fss_p_ttl\">\r\n                    Ph\u01b0\u01a1ng ph\u00e1p s\u1ea3n xu\u1ea5t FSS\r\n                <\/p>\r\n                <h4>s\u1ea3n xu\u1ea5t d\u00f2ng ch\u1ea3y 1 m\u1ea3nh<\/h4>\r\n                <p>\u0110\u00f3 l\u00e0 m\u1ed9t ph\u01b0\u01a1ng ph\u00e1p trong \u0111\u00f3 c\u00e1c s\u1ea3n ph\u1ea9m ch\u1ea3y t\u1eebng c\u00e1i m\u1ed9t.<\/p>\r\n                <div class=\"img\">\r\n                    <img decoding=\"async\" src=\"..\/wp-content\/themes\/yodoq_theme2\/assets\/images\/product\/product_01-vi.png\" alt=\"s\u1ea3n xu\u1ea5t d\u00f2ng ch\u1ea3y 1 m\u1ea3nh\">\r\n                <\/div>\r\n            <\/div>\r\n           \r\n        <\/div>\r\n    <\/div>\r\n    <div class=\"g-box product_list\">\r\n        <h3>\r\n            \u01afu \u0111i\u1ec3m c\u1ee7a FSS\r\n        <\/h3>\r\n        <ul>\r\n            <li>\r\n                <p>01. \u0110\u00fang l\u00fac<\/p>\r\n                Ch\u00fang t\u00f4i c\u00f3 th\u1ec3 s\u1ea3n xu\u1ea5t nh\u1eefng g\u00ec b\u1ea1n c\u1ea7n, khi b\u1ea1n c\u1ea7n v\u00e0 v\u1edbi s\u1ed1 l\u01b0\u1ee3ng b\u1ea1n c\u1ea7n.\r\n            <\/li>\r\n            <li>\r\n                <p>02. D\u00f2ng ch\u1ea3y nh\u1ecbp nh\u00e0ng<\/p>\r\n                V\u00ec l\u00e0 c\u00f9ng m\u1ed9t t\u00e1c ph\u1ea9m n\u00ean nh\u1ecbp \u0111\u1ed9 s\u1ebd t\u1ed1t h\u01a1n\r\n            <\/li>\r\n            <li>\r\n                <p>03. B\u1ea1n s\u1ebd c\u00f3 th\u1ec3 gi\u1ea3m l\u00e3ng ph\u00ed trong s\u1ea3n xu\u1ea5t<\/p>\r\n                C\u00f4ng vi\u1ec7c l\u00e3ng ph\u00ed v\u00e0 l\u00e3ng ph\u00ed c\u00f3 th\u1ec3 \u0111\u01b0\u1ee3c gi\u1ea3m b\u1edbt v\u00ec ch\u1ec9 s\u1ea3n xu\u1ea5t m\u1ed9t l\u01b0\u1ee3ng c\u1ea7n thi\u1ebft.\r\n            <\/li>\r\n            <li>\r\n                <p>04. C\u00f3 th\u1ec3 ph\u00e1t tri\u1ec3n c\u00f4ng nh\u00e2n \u0111a k\u1ef9 n\u0103ng<\/p>\r\n                H\u1ed7 tr\u1ee3 l\u1eabn nhau (khu v\u1ef1c chuy\u1ec3n ti\u1ebfp) \u0111\u01b0\u1ee3c thi\u1ebft l\u1eadp, v\u00ec v\u1eady c\u00f3 th\u1ec3 c\u00f3 nh\u1eefng ng\u01b0\u1eddi lao \u0111\u1ed9ng \u0111a k\u1ef9 n\u0103ng\r\n            <\/li>\r\n            <li>\r\n                <p>05. d\u1eabn \u0111\u1ebfn gi\u1ea3m chi ph\u00ed<\/p>\r\n                B\u1ea1n c\u00f3 th\u1ec3 lo\u1ea1i b\u1ecf s\u1ef1 l\u00e3ng ph\u00ed khi l\u00e0m qu\u00e1 nhi\u1ec1u b\u1eb1ng c\u00e1ch l\u00e0m m\u1ed9t t\u1edd.\r\n            <\/li>\r\n            <li>\r\n                <p>06. D\u1eabn \u0111\u1ebfn duy tr\u00ec v\u00e0 c\u1ea3i ti\u1ebfn ch\u1ea5t l\u01b0\u1ee3ng<\/p>\r\n                C\u00e1c s\u1ea3n ph\u1ea9m b\u1ecb l\u1ed7i c\u00f3 th\u1ec3 \u0111\u01b0\u1ee3c t\u00ecm th\u1ea5y theo \u0111\u01a1n v\u1ecb c\u1ee7a m\u1ed9t s\u1ea3n ph\u1ea9m v\u00e0 c\u00e1c bi\u1ec7n ph\u00e1p \u0111\u1ed1i ph\u00f3 c\u00f3 th\u1ec3 \u0111\u01b0\u1ee3c th\u1ef1c hi\u1ec7n nhanh ch\u00f3ng.\r\n            <\/li>\r\n            <li>\r\n                <p>07. C\u00f3 th\u1ec3 s\u1ea3n xu\u1ea5t trong th\u1eddi gian ng\u1eafn h\u01a1n so v\u1edbi s\u1ea3n xu\u1ea5t theo l\u00f4<\/p>\r\n                C\u00f3 th\u1ec3 \u0111\u00e1p \u1ee9ng th\u1eddi gian giao h\u00e0ng ng\u1eafn\r\n            <\/li>\r\n            <li>\r\n                <p>08. H\u00e0ng t\u1ed3n kho trong qu\u00e1 tr\u00ecnh l\u00e0m vi\u1ec7c \u00edt h\u01a1n<\/p>\r\n                B\u1ea1n c\u00f3 th\u1ec3 chuy\u1ec3n \u0111\u1ed5i s\u1ea3n ph\u1ea9m nhanh h\u01a1n so v\u1edbi s\u1ea3n xu\u1ea5t theo l\u00f4 v\u00e0 b\u1ea1n c\u00f3 th\u1ec3 nhanh ch\u00f3ng \u0111\u00e1p \u1ee9ng c\u00e1c thay \u0111\u1ed5i v\u1ec1 k\u1ebf ho\u1ea1ch.\r\n            <\/li>\r\n            <li>\r\n                <p>09. Lo\u1ea1i b\u1ecf nhu c\u1ea7u v\u1ec1 kh\u00f4ng gian cho h\u00e0ng t\u1ed3n kho trong qu\u00e1 tr\u00ecnh<\/p>\r\n                D\u00e2y chuy\u1ec1n s\u1ea3n xu\u1ea5t ng\u1eafn h\u01a1n v\u00e0 s\u1eed d\u1ee5ng kh\u00f4ng gian hi\u1ec7u qu\u1ea3 h\u01a1n\r\n            <\/li>\r\n        <\/ul>\r\n\r\n    <\/div>\r\n<\/div>","protected":false},"excerpt":{"rendered":"s\u1ea3n ph\u1ea9m n\u1ed9i th\u1ea5t \u00f4 t\u00f4product Futaba Sangyo s\u1ea3n xu\u1ea5t c\u00e1c s\u1ea3n ph\u1ea9m n\u1ed9i th\u1ea5t \u00f4 t\u00f4. B\u1ea1n c\u00f3 th\u1ec3 xem t\u1eebng quy tr\u00ecnh &hellip; <p class=\"link-more\"><a href=\"https:\/\/futaba-s.co.jp\/vi\/naisouseihin.html\" class=\"more-link\">Continue reading<span class=\"screen-reader-text\"> &#8220;Gi\u01a1i thi\u00ea\u0323u sa\u0309n ph\u00e2\u0309m&#8221;<\/span><\/a><\/p>","protected":false},"author":5,"featured_media":154,"parent":0,"menu_order":0,"comment_status":"closed","ping_status":"closed","template":"","meta":{"_locale":"vi","_original_post":"http:\/\/futaba-s.co.jp\/?page_id=49","footnotes":""},"class_list":["post-542","page","type-page","status-publish","has-post-thumbnail","hentry","vi"],"aioseo_notices":[],"_links":{"self":[{"href":"https:\/\/futaba-s.co.jp\/wp-json\/wp\/v2\/pages\/542","targetHints":{"allow":["GET"]}}],"collection":[{"href":"https:\/\/futaba-s.co.jp\/wp-json\/wp\/v2\/pages"}],"about":[{"href":"https:\/\/futaba-s.co.jp\/wp-json\/wp\/v2\/types\/page"}],"author":[{"embeddable":true,"href":"https:\/\/futaba-s.co.jp\/wp-json\/wp\/v2\/users\/5"}],"replies":[{"embeddable":true,"href":"https:\/\/futaba-s.co.jp\/wp-json\/wp\/v2\/comments?post=542"}],"version-history":[{"count":8,"href":"https:\/\/futaba-s.co.jp\/wp-json\/wp\/v2\/pages\/542\/revisions"}],"predecessor-version":[{"id":993,"href":"https:\/\/futaba-s.co.jp\/wp-json\/wp\/v2\/pages\/542\/revisions\/993"}],"wp:featuredmedia":[{"embeddable":true,"href":"https:\/\/futaba-s.co.jp\/wp-json\/wp\/v2\/media\/154"}],"wp:attachment":[{"href":"https:\/\/futaba-s.co.jp\/wp-json\/wp\/v2\/media?parent=542"}],"curies":[{"name":"wp","href":"https:\/\/api.w.org\/{rel}","templated":true}]}}