{"id":548,"date":"2023-07-31T17:27:56","date_gmt":"2023-07-31T08:27:56","guid":{"rendered":"http:\/\/futaba-s.co.jp\/?page_id=548"},"modified":"2025-03-04T16:16:30","modified_gmt":"2025-03-04T07:16:30","slug":"uretanhappou","status":"publish","type":"page","link":"https:\/\/futaba-s.co.jp\/vi\/naisouseihin\/uretanhappou.html","title":{"rendered":"b\u1ecdt urethane"},"content":{"rendered":"<div class=\"introduction_sub product_area\" data-scroll=\"a-fadeUp\">\r\n    <div class=\"g-box flexbox product_top\">\r\n\r\n        <div class=\"mov\">\r\n<div class=\"mov_ttl\">b\u1ed9 phim<\/div>\r\n            <a href=\"https:\/\/www.youtube.com\/embed\/67kK49n4i4Y?loop=1&amp;playlist=67kK49n4i4Y\" data-lity=\"data-lity\">\r\n                                <img decoding=\"async\" src=\"..\/..\/wp-content\/themes\/yodoq_theme2\/assets\/images\/product\/uretan_movie.jpg\" alt=\"Video b\u1ecdt urethane\">\r\n                            <\/a>\r\n        <\/div>\r\n        <div class=\"txt\">\r\n            <p class=\"main_txt\">\r\n                b\u1ecdt urethane\r\n            <\/p>\r\n            <p>\r\n                C\u1ea3i thi\u1ec7n s\u1ef1 tho\u1ea3i m\u00e1i trong xe v\u00e0 cho ph\u00e9p l\u00e1i xe t\u1ed1i \u01b0u<br>Ch\u00fang t\u00f4i cam k\u1ebft s\u1ea3n xu\u1ea5t nh\u1eefng chi\u1ebfc gh\u1ebf tho\u1ea3i m\u00e1i khi \u0111i xe.\r\n            <\/p>\r\n        <\/div>\r\n    <\/div>\r\n<\/div>\r\n<div class=\"introduction_sub product_area\" data-scroll=\"a-fadeUp\">\r\n    <div class=\"g-box product_step\">\r\n<h2 class=\"step_ttl\">Quy tr\u00ecnh s\u1ea3n xu\u1ea5t<\/h2>\r\n<p>\u203bB\u1ea5m v\u00e0o \u1ea3nh \u0111\u1ec3 ph\u00f3ng to n\u00f3.<\/p>\r\n        <ul class=\"flow\">\r\n            <li>\r\n                <dl>\r\n                    <dt><span class=\"icon\">STEP.01<\/span>mua nguy\u00ean v\u1eadt li\u1ec7u<\/dt>\r\n                    <dd>Mua v\u1eadt li\u1ec7u \u0111\u00e1p \u1ee9ng \u0111\u1ed9 c\u1ee9ng v\u00e0 \u0111\u1ed9 \u0111\u00e0n h\u1ed3i.<\/dd>\r\n                <\/dl>\r\n            <\/li>\r\n\r\n            <li>\r\n                <dl>\r\n                    <dt><span class=\"icon\">STEP.02<\/span>b\u1ed9 ph\u1eadn<\/dt>\r\n                    <dd>\r\n                        <p>\r\n                            G\u1eafn c\u00e1c b\u1ed9 ph\u1eadn c\u1ea7n thi\u1ebft cho \u0111\u1ec7m gh\u1ebf v\u00e0o khu\u00f4n.\r\n                        <\/p>\r\n                        <div class=\"flexbox\">\r\n                            <div class=\"p_img\">\r\n                                <a href=\"..\/..\/wp-content\/themes\/yodoq_theme2\/assets\/images\/product\/uretan_02.jpg\" data-lightbox=\"demo\">\r\n                                    <img decoding=\"async\" src=\"..\/..\/wp-content\/themes\/yodoq_theme2\/assets\/images\/product\/uretan_02.jpg\" alt=\"B\u1ed9 ph\u1eadn b\u1ecdt urethane\">\r\n                                <\/a>\r\n                            <\/div>\r\n                            <div class=\"p_img\">\r\n                                <a href=\"..\/..\/wp-content\/themes\/yodoq_theme2\/assets\/images\/product\/uretan_03.jpg\" data-lightbox=\"demo\">\r\n                                    <img decoding=\"async\" src=\"..\/..\/wp-content\/themes\/yodoq_theme2\/assets\/images\/product\/uretan_03.jpg\" alt=\"B\u1ed9 ph\u1eadn b\u1ecdt urethane\">\r\n                                <\/a>\r\n                            <\/div>\r\n                        <\/div>\r\n                    <\/dd>\r\n                <\/dl>\r\n            <\/li>\r\n\r\n            <li>\r\n                <dl>\r\n                    <dt><span class=\"icon\">STEP.03<\/span>ti\u00eam\/t\u1ea1o b\u1ecdt<\/dt>\r\n                    <dd>\r\n                        <p>\r\n                            \u25cb\u0110\u1ed5 urethane v\u00e0o khu\u00f4n, \u0111\u00f3ng khu\u00f4n v\u00e0 ti\u1ebfn h\u00e0nh t\u1ea1o b\u1ecdt.\r\n                        <\/p>\r\n                        <div class=\"flexbox\">\r\n                            <div class=\"p_img\">\r\n                                <a href=\"..\/..\/wp-content\/themes\/yodoq_theme2\/assets\/images\/product\/uretan_01.jpg\" data-lightbox=\"demo\">\r\n                                    <img decoding=\"async\" src=\"..\/..\/wp-content\/themes\/yodoq_theme2\/assets\/images\/product\/uretan_01.jpg\" alt=\"Phun\/t\u1ea1o b\u1ecdt Urethane\">\r\n                                <\/a>\r\n                            <\/div>\r\n                            <div class=\"p_img\">\r\n                                <a href=\"..\/..\/wp-content\/themes\/yodoq_theme2\/assets\/images\/product\/uretan_04.jpg\" data-lightbox=\"demo\">\r\n                                    <img decoding=\"async\" src=\"..\/..\/wp-content\/themes\/yodoq_theme2\/assets\/images\/product\/uretan_04.jpg\" alt=\"Phun\/t\u1ea1o b\u1ecdt Urethane\">\r\n                                <\/a>\r\n                            <\/div>\r\n                            <div class=\"p_img\">\r\n                                <a href=\"..\/..\/wp-content\/themes\/yodoq_theme2\/assets\/images\/product\/uretan_05.jpg\" data-lightbox=\"demo\">\r\n                                    <img decoding=\"async\" src=\"..\/..\/wp-content\/themes\/yodoq_theme2\/assets\/images\/product\/uretan_05.jpg\" alt=\"Phun\/t\u1ea1o b\u1ecdt Urethane\">\r\n                                <\/a>\r\n                            <\/div>\r\n                            <div class=\"p_img\">\r\n                                <a href=\"..\/..\/wp-content\/themes\/yodoq_theme2\/assets\/images\/product\/uretan_08.jpg\" data-lightbox=\"demo\">\r\n                                    <img decoding=\"async\" src=\"..\/..\/wp-content\/themes\/yodoq_theme2\/assets\/images\/product\/uretan_08.jpg\" alt=\"Phun\/t\u1ea1o b\u1ecdt Urethane\">\r\n                                <\/a>\r\n                            <\/div>\r\n                        <\/div>\r\n                    <\/dd>\r\n                <\/dl>\r\n            <\/li>\r\n            <li>\r\n                <dl>\r\n                    <dt><span class=\"icon\">STEP.04<\/span>Ho\u00e0n thi\u1ec7n\/Ki\u1ec3m tra<br>B\u1ea3o d\u01b0\u1ee1ng\/V\u1eadn chuy\u1ec3n<\/dt>\r\n                    <dd>\r\n                        <p>\r\n                            Sau khi l\u1ea5y ra, n\u00f3 \u0111\u01b0\u1ee3c ho\u00e0n th\u00e0nh, ki\u1ec3m tra, x\u1eed l\u00fd v\u00e0 sau \u0111\u00f3 xu\u1ea5t x\u01b0\u1edfng.\r\n                        <\/p>\r\n                        <div class=\"flexbox\">\r\n                            <div class=\"p_img\">\r\n                                <a href=\"..\/..\/wp-content\/themes\/yodoq_theme2\/assets\/images\/product\/uretan_07.jpg\" data-lightbox=\"demo\">\r\n                                    <img decoding=\"async\" src=\"..\/..\/wp-content\/themes\/yodoq_theme2\/assets\/images\/product\/uretan_07.jpg\" alt=\"Ho\u00e0n thi\u1ec7n b\u1ecdt urethane, ki\u1ec3m tra, b\u1ea3o d\u01b0\u1ee1ng, v\u1eadn chuy\u1ec3n\">\r\n                                <\/a>\r\n                            <\/div>\r\n                            <div class=\"p_img\">\r\n                                <a href=\"..\/..\/wp-content\/themes\/yodoq_theme2\/assets\/images\/product\/uretan_09.jpg\" data-lightbox=\"demo\">\r\n                                    <img decoding=\"async\" src=\"..\/..\/wp-content\/themes\/yodoq_theme2\/assets\/images\/product\/uretan_09.jpg\" alt=\"Ho\u00e0n thi\u1ec7n b\u1ecdt urethane, ki\u1ec3m tra, b\u1ea3o d\u01b0\u1ee1ng, v\u1eadn chuy\u1ec3n\">\r\n                                <\/a>\r\n                            <\/div>\r\n                            <div class=\"p_img\">\r\n                                <a href=\"..\/..\/wp-content\/themes\/yodoq_theme2\/assets\/images\/product\/uretan_10.jpg\" data-lightbox=\"demo\">\r\n                                    <img decoding=\"async\" src=\"..\/..\/wp-content\/themes\/yodoq_theme2\/assets\/images\/product\/uretan_10.jpg\" alt=\"Ho\u00e0n thi\u1ec7n b\u1ecdt urethane, ki\u1ec3m tra, b\u1ea3o d\u01b0\u1ee1ng, v\u1eadn chuy\u1ec3n\">\r\n                                <\/a>\r\n                            <\/div>\r\n                            \r\n                        <\/div>\r\n                    <\/dd>\r\n                <\/dl>\r\n            <\/li>\r\n\r\n        <\/ul>\r\n    <\/div>\r\n<\/div>","protected":false},"excerpt":{"rendered":"b\u1ed9 phim b\u1ecdt urethane C\u1ea3i thi\u1ec7n s\u1ef1 tho\u1ea3i m\u00e1i trong xe v\u00e0 cho ph\u00e9p l\u00e1i xe t\u1ed1i \u01b0uCh\u00fang t\u00f4i cam k\u1ebft s\u1ea3n xu\u1ea5t nh\u1eefng &hellip; <p class=\"link-more\"><a href=\"https:\/\/futaba-s.co.jp\/vi\/naisouseihin\/uretanhappou.html\" class=\"more-link\">Continue reading<span class=\"screen-reader-text\"> &#8220;b\u1ecdt urethane&#8221;<\/span><\/a><\/p>","protected":false},"author":5,"featured_media":342,"parent":542,"menu_order":0,"comment_status":"closed","ping_status":"closed","template":"","meta":{"_locale":"vi","_original_post":"http:\/\/futaba-s.co.jp\/?page_id=54","footnotes":""},"class_list":["post-548","page","type-page","status-publish","has-post-thumbnail","hentry","vi"],"aioseo_notices":[],"_links":{"self":[{"href":"https:\/\/futaba-s.co.jp\/wp-json\/wp\/v2\/pages\/548","targetHints":{"allow":["GET"]}}],"collection":[{"href":"https:\/\/futaba-s.co.jp\/wp-json\/wp\/v2\/pages"}],"about":[{"href":"https:\/\/futaba-s.co.jp\/wp-json\/wp\/v2\/types\/page"}],"author":[{"embeddable":true,"href":"https:\/\/futaba-s.co.jp\/wp-json\/wp\/v2\/users\/5"}],"replies":[{"embeddable":true,"href":"https:\/\/futaba-s.co.jp\/wp-json\/wp\/v2\/comments?post=548"}],"version-history":[{"count":5,"href":"https:\/\/futaba-s.co.jp\/wp-json\/wp\/v2\/pages\/548\/revisions"}],"predecessor-version":[{"id":906,"href":"https:\/\/futaba-s.co.jp\/wp-json\/wp\/v2\/pages\/548\/revisions\/906"}],"up":[{"embeddable":true,"href":"https:\/\/futaba-s.co.jp\/wp-json\/wp\/v2\/pages\/542"}],"wp:featuredmedia":[{"embeddable":true,"href":"https:\/\/futaba-s.co.jp\/wp-json\/wp\/v2\/media\/342"}],"wp:attachment":[{"href":"https:\/\/futaba-s.co.jp\/wp-json\/wp\/v2\/media?parent=548"}],"curies":[{"name":"wp","href":"https:\/\/api.w.org\/{rel}","templated":true}]}}