{"id":554,"date":"2023-07-31T17:45:58","date_gmt":"2023-07-31T08:45:58","guid":{"rendered":"http:\/\/futaba-s.co.jp\/?page_id=554"},"modified":"2025-03-04T16:16:30","modified_gmt":"2025-03-04T07:16:30","slug":"shiitokaba","status":"publish","type":"page","link":"https:\/\/futaba-s.co.jp\/vi\/naisouseihin\/shiitokaba.html","title":{"rendered":"V\u1ecf b\u1ecdc gh\u1ebf ng\u1ed3i"},"content":{"rendered":"<div class=\"introduction_sub product_area\" data-scroll=\"a-fadeUp\">\r\n    <div class=\"g-box flexbox product_top\">\r\n\r\n        <div class=\"mov\">\r\n<div class=\"mov_ttl\">b\u1ed9 phim<\/div>\r\n            <a href=\"https:\/\/www.youtube.com\/embed\/0L-rfrI5BpQ?loop=1&amp;playlist=0L-rfrI5BpQ\" data-lity=\"data-lity\">\r\n                                <img decoding=\"async\" src=\"..\/..\/wp-content\/themes\/yodoq_theme2\/assets\/images\/product\/sheet-cover_movie.jpg\" alt=\"video b\u1ecdc gh\u1ebf\">\r\n                            <\/a>\r\n        <\/div>\r\n        <div class=\"txt\">\r\n            <p class=\"main_txt\">\r\n                V\u1ec1 b\u1ecdc gh\u1ebf\r\n            <\/p>\r\n            <p>\r\n                L\u00e0 m\u1ed9t trong nh\u1eefng nh\u00e0 s\u1ea3n xu\u1ea5t \u0111\u1ed3 may m\u1eb7c l\u1edbn nh\u1ea5t t\u1ea1i Nh\u1eadt B\u1ea3n, ch\u00fang t\u00f4i cung c\u1ea5p nhi\u1ec1u lo\u1ea1i b\u1ecdc gh\u1ebf ch\u1eb3ng h\u1ea1n nh\u01b0 s\u1ea3n ph\u1ea9m da cho kh\u00e1ch h\u00e0ng c\u1ee7a m\u00ecnh.\r\n            <\/p>\r\n        <\/div>\r\n    <\/div>\r\n<\/div>\r\n<div class=\"introduction_sub product_area\" data-scroll=\"a-fadeUp\">\r\n    <div class=\"g-box product_step\">\r\n<h2 class=\"step_ttl\">Quy tr\u00ecnh s\u1ea3n xu\u1ea5t<\/h2>\r\n<p>\u203bNh\u1ea5p chu\u1ed9t v\u00e0o b\u1ee9c \u1ea3nh \u0111\u1ec3 ph\u00f3ng to.<\/p>\r\n        <ul class=\"flow\">\r\n            <li>\r\n                <dl>\r\n                    <dt><span class=\"icon\">STEP.01<\/span>mua nguy\u00ean v\u1eadt li\u1ec7u<\/dt>\r\n                    <dd>\r\n                        <p>L\u1eafp r\u00e1p c\u00e1c v\u1eadt li\u1ec7u c\u1ea7n thi\u1ebft \u0111\u1ec3 l\u00e0m t\u1ea5m.<\/p>\r\n                        <div class=\"flexbox\">\r\n                            <div class=\"p_img\">\r\n                                <a href=\"..\/..\/wp-content\/themes\/yodoq_theme2\/assets\/images\/product\/seat_01.jpg\" data-lightbox=\"demo\">\r\n                                    <img decoding=\"async\" src=\"..\/..\/wp-content\/themes\/yodoq_theme2\/assets\/images\/product\/seat_01.jpg\" alt=\"Mua v\u1eadt li\u1ec7u b\u1ecdc gh\u1ebf\">\r\n                                <\/a>\r\n                            <\/div>\r\n                        <\/div>\r\n                    <\/dd>\r\n                <\/dl>\r\n            <\/li>\r\n\r\n            <li>\r\n                <dl>\r\n                    <dt><span class=\"icon\">STEP.02<\/span>qu\u00e1 tr\u00ecnh c\u1eaft<\/dt>\r\n                    <dd>\r\n                        <p>\r\n                            C\u1eaft l\u1edbp bi\u1ec3u b\u00ec theo k\u00edch th\u01b0\u1edbc quy \u0111\u1ecbnh v\u00e0 c\u1eaft th\u00e0nh t\u1eebng ph\u1ea7n.\r\n                        <\/p>\r\n                        <div class=\"flexbox\">\r\n                            <div class=\"p_img\">\r\n                                <a href=\"..\/..\/wp-content\/themes\/yodoq_theme2\/assets\/images\/product\/seat_02-1.jpg\" data-lightbox=\"demo\">\r\n                                    <img decoding=\"async\" src=\"..\/..\/wp-content\/themes\/yodoq_theme2\/assets\/images\/product\/seat_02-1.jpg\" alt=\"Quy tr\u00ecnh c\u1eaft b\u1ecdc gh\u1ebf\">\r\n                                <\/a>\r\n                            <\/div>\r\n                            <div class=\"p_img\">\r\n                                <a href=\"..\/..\/wp-content\/themes\/yodoq_theme2\/assets\/images\/product\/seat_02-2.jpg\" data-lightbox=\"demo\">\r\n                                    <img decoding=\"async\" src=\"..\/..\/wp-content\/themes\/yodoq_theme2\/assets\/images\/product\/seat_02-2.jpg\" alt=\"Quy tr\u00ecnh c\u1eaft b\u1ecdc gh\u1ebf\">\r\n                                <\/a>\r\n                            <\/div>\r\n                        <\/div>\r\n                    <\/dd>\r\n                <\/dl>\r\n            <\/li>\r\n\r\n            <li>\r\n                <dl>\r\n                    <dt><span class=\"icon\">STEP.03<\/span>qu\u00e1 tr\u00ecnh may<\/dt>\r\n                    <dd>\r\n                        <p>\r\n                            Kh\u00e2u c\u00e1c m\u1ea3nh \u0111\u00e3 c\u1eaft l\u1ea1i v\u1edbi nhau b\u1eb1ng m\u00e1y may.\r\n                        <\/p>\r\n                        <div class=\"flexbox\">\r\n                            <div class=\"p_img\">\r\n                                <a href=\"..\/..\/wp-content\/themes\/yodoq_theme2\/assets\/images\/product\/seat_03-1.jpg\" data-lightbox=\"demo\">\r\n                                    <img decoding=\"async\" src=\"..\/..\/wp-content\/themes\/yodoq_theme2\/assets\/images\/product\/seat_03-1.jpg\" alt=\"Quy tr\u00ecnh may \u00e1o b\u1ecdc gh\u1ebf\">\r\n                                <\/a>\r\n                            <\/div>\r\n                            <div class=\"p_img\">\r\n                                <a href=\"..\/..\/wp-content\/themes\/yodoq_theme2\/assets\/images\/product\/seat_03-2.jpg\" data-lightbox=\"demo\">\r\n                                    <img decoding=\"async\" src=\"..\/..\/wp-content\/themes\/yodoq_theme2\/assets\/images\/product\/seat_03-2.jpg\" alt=\"Quy tr\u00ecnh may \u00e1o b\u1ecdc gh\u1ebf\">\r\n                                <\/a>\r\n                            <\/div>\r\n                        <\/div>\r\n                    <\/dd>\r\n                <\/dl>\r\n            <\/li>\r\n            <li>\r\n                <dl>\r\n                    <dt class=\"sp-br-none\"><span class=\"icon\">STEP.04<\/span><span class=\"kugiri\">ho\u00e0n th\u00e0nh<\/span><br><span class=\"kugiri\">B\u00e0i ki\u1ec3m tra<\/span><br>\u0110ang chuy\u1ec3n h\u00e0ng<\/dt>\r\n                    <dd>\r\n                        <p>\r\n                            Ki\u1ec3m tra ch\u1ea5t l\u01b0\u1ee3ng nghi\u00eam ng\u1eb7t \u0111\u01b0\u1ee3c th\u1ef1c hi\u1ec7n tr\u00ean c\u00e1c \u0111\u1ea7u s\u1ee3i v\u00e0 b\u1ec1 ngo\u00e0i.\r\n                        <\/p>\r\n                        <div class=\"flexbox\">\r\n                            <div class=\"p_img\">\r\n                                <a href=\"..\/..\/wp-content\/themes\/yodoq_theme2\/assets\/images\/product\/seat_04.jpg\" data-lightbox=\"demo\">\r\n                                    <img decoding=\"async\" src=\"..\/..\/wp-content\/themes\/yodoq_theme2\/assets\/images\/product\/seat_04.jpg\" alt=\"B\u1ecdc gh\u1ebf ho\u00e0n thi\u1ec7n, ki\u1ec3m tra, v\u1eadn chuy\u1ec3n\">\r\n                                <\/a>\r\n                            <\/div>\r\n                        <\/div>\r\n                    <\/dd>\r\n                <\/dl>\r\n            <\/li>\r\n\r\n        <\/ul>\r\n    <\/div>\r\n<\/div>\r\n","protected":false},"excerpt":{"rendered":"b\u1ed9 phim V\u1ec1 b\u1ecdc gh\u1ebf L\u00e0 m\u1ed9t trong nh\u1eefng nh\u00e0 s\u1ea3n xu\u1ea5t \u0111\u1ed3 may m\u1eb7c l\u1edbn nh\u1ea5t t\u1ea1i Nh\u1eadt B\u1ea3n, ch\u00fang t\u00f4i cung c\u1ea5p nhi\u1ec1u  &hellip; <p class=\"link-more\"><a href=\"https:\/\/futaba-s.co.jp\/vi\/naisouseihin\/shiitokaba.html\" class=\"more-link\">Continue reading<span class=\"screen-reader-text\"> &#8220;V\u1ecf b\u1ecdc gh\u1ebf ng\u1ed3i&#8221;<\/span><\/a><\/p>","protected":false},"author":5,"featured_media":339,"parent":542,"menu_order":0,"comment_status":"closed","ping_status":"closed","template":"","meta":{"_locale":"vi","_original_post":"http:\/\/futaba-s.co.jp\/?page_id=52","footnotes":""},"class_list":["post-554","page","type-page","status-publish","has-post-thumbnail","hentry","vi"],"aioseo_notices":[],"_links":{"self":[{"href":"https:\/\/futaba-s.co.jp\/wp-json\/wp\/v2\/pages\/554","targetHints":{"allow":["GET"]}}],"collection":[{"href":"https:\/\/futaba-s.co.jp\/wp-json\/wp\/v2\/pages"}],"about":[{"href":"https:\/\/futaba-s.co.jp\/wp-json\/wp\/v2\/types\/page"}],"author":[{"embeddable":true,"href":"https:\/\/futaba-s.co.jp\/wp-json\/wp\/v2\/users\/5"}],"replies":[{"embeddable":true,"href":"https:\/\/futaba-s.co.jp\/wp-json\/wp\/v2\/comments?post=554"}],"version-history":[{"count":6,"href":"https:\/\/futaba-s.co.jp\/wp-json\/wp\/v2\/pages\/554\/revisions"}],"predecessor-version":[{"id":710,"href":"https:\/\/futaba-s.co.jp\/wp-json\/wp\/v2\/pages\/554\/revisions\/710"}],"up":[{"embeddable":true,"href":"https:\/\/futaba-s.co.jp\/wp-json\/wp\/v2\/pages\/542"}],"wp:featuredmedia":[{"embeddable":true,"href":"https:\/\/futaba-s.co.jp\/wp-json\/wp\/v2\/media\/339"}],"wp:attachment":[{"href":"https:\/\/futaba-s.co.jp\/wp-json\/wp\/v2\/media?parent=554"}],"curies":[{"name":"wp","href":"https:\/\/api.w.org\/{rel}","templated":true}]}}