{"id":560,"date":"2023-07-31T17:43:26","date_gmt":"2023-07-31T08:43:26","guid":{"rendered":"http:\/\/futaba-s.co.jp\/?page_id=560"},"modified":"2025-03-04T16:16:30","modified_gmt":"2025-03-04T07:16:30","slug":"bankin","status":"publish","type":"page","link":"https:\/\/futaba-s.co.jp\/vi\/naisouseihin\/bankin.html","title":{"rendered":"h\u00e0n khung gh\u1ebf"},"content":{"rendered":"<div class=\"introduction_sub product_area\" data-scroll=\"a-fadeUp\">\r\n    <div class=\"g-box flexbox product_top\">\r\n\r\n        <div class=\"mov\">\r\n<div class=\"mov_ttl\">b\u1ed9 phim<\/div>\r\n            <a href=\"https:\/\/www.youtube.com\/embed\/p-69OEwFhoE?loop=1&amp;playlist=p-69OEwFhoE\" data-lity=\"data-lity\">\r\n                <img decoding=\"async\" src=\"..\/..\/wp-content\/themes\/yodoq_theme2\/assets\/images\/product\/sheet-frame_movie.jpg\" alt=\"Video h\u00e0n khung gh\u1ebf\">\r\n            <\/a>\r\n        <\/div>\r\n        <div class=\"txt\">\r\n            <p class=\"main_txt\">\r\n                h\u00e0n khung gh\u1ebf\r\n            <\/p>\r\n             <p>\r\n                T\u1ea5m kim lo\u1ea1i: H\u00e0n khung t\u1ea1o th\u00e0nh khung c\u1ee7a gh\u1ebf \u00f4 t\u00f4<br>\r\n                Mang l\u1ea1i c\u1ea3m gi\u00e1c tho\u1ea3i m\u00e1i v\u00e0 an to\u00e0n khi l\u00e1i xe.\r\n            <\/p>\r\n        <\/div>\r\n    <\/div>\r\n<\/div>\r\n<div class=\"introduction_sub product_area\" data-scroll=\"a-fadeUp\">\r\n    <div class=\"g-box product_step\">\r\n<h2 class=\"step_ttl\">Quy tr\u00ecnh s\u1ea3n xu\u1ea5t<\/h2>\r\n<p>\u203bNh\u1ea5p chu\u1ed9t v\u00e0o b\u1ee9c \u1ea3nh \u0111\u1ec3 ph\u00f3ng to.<\/p>\r\n        <ul class=\"flow\">\r\n            <li>\r\n                <dl>\r\n                    <dt><span class=\"icon\">STEP.01<\/span>mua linh ki\u1ec7n<\/dt>\r\n                    <dd>\r\n                    \t <p>\r\n                            \u0110\u1eb7t h\u00e0ng v\u00e0 mua \u1ed1ng, \u1ed1c v\u00edt, t\u1ea5m, v.v.\r\n\r\n                        <\/p>\r\n                        <div class=\"flexbox\">\r\n                            <div class=\"p_img\">\r\n                                <a href=\"..\/..\/wp-content\/themes\/yodoq_theme2\/assets\/images\/product\/frame_01.jpg\" data-lightbox=\"demo\">\r\n                                    <img decoding=\"async\" src=\"..\/..\/wp-content\/themes\/yodoq_theme2\/assets\/images\/product\/frame_01.jpg\" alt=\"H\u00e0n khung gh\u1ebf Mua ph\u1ee5 t\u00f9ng\">\r\n                                <\/a>\r\n                            <\/div>\r\n                            <div class=\"p_img\">\r\n                                <a href=\"..\/..\/wp-content\/themes\/yodoq_theme2\/assets\/images\/product\/frame_02.jpg\" data-lightbox=\"demo\">\r\n                                    <img decoding=\"async\" src=\"..\/..\/wp-content\/themes\/yodoq_theme2\/assets\/images\/product\/frame_02.jpg\" alt=\"H\u00e0n khung gh\u1ebf Mua ph\u1ee5 t\u00f9ng\">\r\n                                <\/a>\r\n                            <\/div>\r\n                        <\/div>\r\n                    <\/dd>\r\n                <\/dl>\r\n            <\/li>\r\n\r\n            <li>\r\n                <dl>\r\n                    <dt><span class=\"icon\">STEP.02<\/span>B\u1ed9 khu\u00f4n\/b\u1ed9 ph\u1eadn<\/dt>\r\n                    <dd>\r\n                        <p>\r\n                            \u0110\u1eb7t c\u00e1c b\u1ed9 ph\u1eadn v\u00e0 v\u1eadt li\u1ec7u kh\u00e1c nhau trong m\u00e1y h\u00e0n t\u1ef1 \u0111\u1ed9ng\r\n                        <\/p>\r\n                        <div class=\"flexbox\">\r\n                            <div class=\"p_img\">\r\n                                <a href=\"..\/..\/wp-content\/themes\/yodoq_theme2\/assets\/images\/product\/frame_03.jpg\" data-lightbox=\"demo\">\r\n                                    <img decoding=\"async\" src=\"..\/..\/wp-content\/themes\/yodoq_theme2\/assets\/images\/product\/frame_03.jpg\" alt=\"Khu\u00f4n h\u00e0n khung gh\u1ebf \/ b\u1ed9 ph\u1ee5 ki\u1ec7n\">\r\n                                <\/a>\r\n                            <\/div>\r\n                        <\/div>\r\n                    <\/dd>\r\n                <\/dl>\r\n            <\/li>\r\n\r\n            <li>\r\n                <dl>\r\n                    <dt><span class=\"icon\">STEP.03<\/span>h\u00e0n<\/dt>\r\n                    <dd>\r\n                        <p>\r\n                            Robot h\u00e0n t\u1ef1 \u0111\u1ed9ng\r\n                        <\/p>\r\n                        <div class=\"flexbox\">\r\n                            <div class=\"p_img\">\r\n                                <a href=\"..\/..\/wp-content\/themes\/yodoq_theme2\/assets\/images\/product\/frame_04.jpg\" data-lightbox=\"demo\">\r\n                                    <img decoding=\"async\" src=\"..\/..\/wp-content\/themes\/yodoq_theme2\/assets\/images\/product\/frame_04.jpg\" alt=\"h\u00e0n khung gh\u1ebf\">\r\n                                <\/a>\r\n                            <\/div>\r\n                        <\/div>\r\n                    <\/dd>\r\n                <\/dl>\r\n            <\/li>\r\n            <li>\r\n                <dl>\r\n                    <dt><span class=\"icon\">STEP.04<\/span>Ki\u1ec3m tra\/giao h\u00e0ng<\/dt>\r\n                    <dd>\r\n                        <p>\r\n                            Ki\u1ec3m tra tr\u1ef1c quan s\u1ef1 xu\u1ea5t hi\u1ec7n c\u1ee7a ch\u1ea5t l\u01b0\u1ee3ng m\u1ed1i h\u00e0n tr\u01b0\u1edbc khi v\u1eadn chuy\u1ec3n\r\n\r\n                        <\/p>\r\n                        <div class=\"flexbox\">\r\n                            <div class=\"p_img\">\r\n                                <a href=\"..\/..\/wp-content\/themes\/yodoq_theme2\/assets\/images\/product\/frame_05.jpg\" data-lightbox=\"demo\">\r\n                                    <img decoding=\"async\" src=\"..\/..\/wp-content\/themes\/yodoq_theme2\/assets\/images\/product\/frame_05.jpg\" alt=\"H\u00e0n khung gh\u1ebf Ki\u1ec3m tra v\u00e0 giao h\u00e0ng\">\r\n                                <\/a>\r\n                            <\/div>\r\n                        <\/div>\r\n                    <\/dd>\r\n                <\/dl>\r\n            <\/li>\r\n        <\/ul>\r\n    <\/div>\r\n<\/div>","protected":false},"excerpt":{"rendered":"b\u1ed9 phim h\u00e0n khung gh\u1ebf T\u1ea5m kim lo\u1ea1i: H\u00e0n khung t\u1ea1o th\u00e0nh khung c\u1ee7a gh\u1ebf \u00f4 t\u00f4 Mang l\u1ea1i c\u1ea3m gi\u00e1c tho\u1ea3i m\u00e1i v\u00e0 an t &hellip; <p class=\"link-more\"><a href=\"https:\/\/futaba-s.co.jp\/vi\/naisouseihin\/bankin.html\" class=\"more-link\">Continue reading<span class=\"screen-reader-text\"> &#8220;h\u00e0n khung gh\u1ebf&#8221;<\/span><\/a><\/p>","protected":false},"author":5,"featured_media":448,"parent":542,"menu_order":0,"comment_status":"closed","ping_status":"closed","template":"","meta":{"_locale":"vi","_original_post":"http:\/\/futaba-s.co.jp\/?page_id=60","footnotes":""},"class_list":["post-560","page","type-page","status-publish","has-post-thumbnail","hentry","vi"],"aioseo_notices":[],"_links":{"self":[{"href":"https:\/\/futaba-s.co.jp\/wp-json\/wp\/v2\/pages\/560","targetHints":{"allow":["GET"]}}],"collection":[{"href":"https:\/\/futaba-s.co.jp\/wp-json\/wp\/v2\/pages"}],"about":[{"href":"https:\/\/futaba-s.co.jp\/wp-json\/wp\/v2\/types\/page"}],"author":[{"embeddable":true,"href":"https:\/\/futaba-s.co.jp\/wp-json\/wp\/v2\/users\/5"}],"replies":[{"embeddable":true,"href":"https:\/\/futaba-s.co.jp\/wp-json\/wp\/v2\/comments?post=560"}],"version-history":[{"count":6,"href":"https:\/\/futaba-s.co.jp\/wp-json\/wp\/v2\/pages\/560\/revisions"}],"predecessor-version":[{"id":977,"href":"https:\/\/futaba-s.co.jp\/wp-json\/wp\/v2\/pages\/560\/revisions\/977"}],"up":[{"embeddable":true,"href":"https:\/\/futaba-s.co.jp\/wp-json\/wp\/v2\/pages\/542"}],"wp:featuredmedia":[{"embeddable":true,"href":"https:\/\/futaba-s.co.jp\/wp-json\/wp\/v2\/media\/448"}],"wp:attachment":[{"href":"https:\/\/futaba-s.co.jp\/wp-json\/wp\/v2\/media?parent=560"}],"curies":[{"name":"wp","href":"https:\/\/api.w.org\/{rel}","templated":true}]}}