{"id":566,"date":"2023-07-31T17:40:55","date_gmt":"2023-07-31T08:40:55","guid":{"rendered":"http:\/\/futaba-s.co.jp\/?page_id=566"},"modified":"2025-03-04T16:16:30","modified_gmt":"2025-03-04T07:16:30","slug":"doatorimu","status":"publish","type":"page","link":"https:\/\/futaba-s.co.jp\/vi\/naisouseihin\/doatorimu.html","title":{"rendered":"trang tr\u00ed c\u1eeda"},"content":{"rendered":"<div class=\"introduction_sub product_area\" data-scroll=\"a-fadeUp\">\r\n    <div class=\"g-box flexbox product_top\">\r\n\r\n        <div class=\"mov\">\r\n<div class=\"mov_ttl\">b\u1ed9 phim<\/div>\r\n            <a href=\"https:\/\/www.youtube.com\/embed\/5nh26EG3s-4?loop=1&amp;playlist=5nh26EG3s-4\" data-lity=\"data-lity\">\r\n                                <img decoding=\"async\" src=\"..\/..\/wp-content\/themes\/yodoq_theme2\/assets\/images\/product\/door_movie.jpg\" alt=\"c\u1eeda c\u1eaft video\">\r\n                            <\/a>\r\n        <\/div>\r\n        <div class=\"txt\">\r\n            <p class=\"main_txt\">\r\n                V\u1ec1 trang tr\u00ed c\u1eeda\r\n            <\/p>\r\n            <p>\r\n                Ch\u00fang t\u00f4i t\u1ea1o ra n\u1ed9i th\u1ea5t c\u1ee7a \u00f4 t\u00f4 b\u1eb1ng c\u00e1ch l\u1eafp r\u00e1p c\u00e1c b\u1ed9 ph\u1eadn ph\u00f9 h\u1ee3p v\u1edbi t\u1eebng ki\u1ec3u \u00f4 t\u00f4 v\u00e0o l\u1edbp l\u00f3t b\u00ean trong c\u1ee7a c\u1eeda, \u0111\u00e1p \u1ee9ng c\u00e1c ch\u1ee9c n\u0103ng c\u1ea7n thi\u1ebft.\r\n            <\/p>\r\n        <\/div>\r\n    <\/div>\r\n<\/div>\r\n<div class=\"introduction_sub product_area\" data-scroll=\"a-fadeUp\">\r\n    <div class=\"g-box product_step\">\r\n<h2 class=\"step_ttl\">Quy tr\u00ecnh s\u1ea3n xu\u1ea5t<\/h2>\r\n<p>\u203bNh\u1ea5p chu\u1ed9t v\u00e0o b\u1ee9c \u1ea3nh \u0111\u1ec3 ph\u00f3ng to.<\/p>\r\n        <ul class=\"flow\">\r\n            <li>\r\n                <dl>\r\n                    <dt><span class=\"icon\">STEP.01<\/span>mua nguy\u00ean v\u1eadt li\u1ec7u<\/dt>\r\n                    <dd>Ch\u00fang t\u00f4i s\u1eed d\u1ee5ng c\u00e1c v\u1eadt li\u1ec7u kh\u00e1c nhau ph\u00f9 h\u1ee3p v\u1edbi s\u1ea3n ph\u1ea9m.<\/dd>\r\n                <\/dl>\r\n            <\/li>\r\n\r\n            <li>\r\n                <dl>\r\n                    <dt><span class=\"icon\">STEP.02<\/span>\u00e9p phun<\/dt>\r\n                    <dd>\r\n                        <p>\r\n                            V\u1eadt li\u1ec7u n\u00f3ng ch\u1ea3y v\u00e0 n\u00f3ng ch\u1ea3y \u0111\u01b0\u1ee3c \u0111\u1ea9y v\u00e0o khu\u00f4n v\u00e0 \u0111\u00fac.\r\n                        <\/p>\r\n                        <div class=\"flexbox\">\r\n                            <div class=\"p_img\">\r\n                                <a href=\"..\/..\/wp-content\/themes\/yodoq_theme2\/assets\/images\/product\/door_torimu01.jpg\" data-lightbox=\"demo\">\r\n                                    <img decoding=\"async\" src=\"..\/..\/wp-content\/themes\/yodoq_theme2\/assets\/images\/product\/door_torimu01.jpg\" alt=\"\u00e9p phun vi\u1ec1n c\u1eeda\">\r\n                                <\/a>\r\n                            <\/div>\r\n                            <div class=\"p_img\">\r\n                                <a href=\"..\/..\/wp-content\/themes\/yodoq_theme2\/assets\/images\/product\/door_torimu02.jpg\" data-lightbox=\"demo\">\r\n                                    <img decoding=\"async\" src=\"..\/..\/wp-content\/themes\/yodoq_theme2\/assets\/images\/product\/door_torimu02.jpg\" alt=\"\u00e9p phun vi\u1ec1n c\u1eeda\">\r\n                                <\/a>\r\n                            <\/div>\r\n                        <\/div>\r\n                    <\/dd>\r\n                <\/dl>\r\n            <\/li>\r\n\r\n            <li>\r\n                <dl>\r\n                    <dt class=\"sp-br-none\"><span class=\"icon\">STEP.03<\/span><span class=\"kugiri\">b\u1ed9 ph\u1eadn l\u1eafp r\u00e1p<\/span><br>v\u1edbi clip<\/dt>\r\n                    <dd>\r\n                        <p>\r\n                            L\u1eafp r\u00e1p c\u00e1c b\u1ed9 ph\u1eadn nh\u01b0 loa ph\u00f9 h\u1ee3p v\u1edbi ki\u1ec3u xe.\r\n                        <\/p>\r\n                        <div class=\"flexbox\">\r\n                            <div class=\"p_img\">\r\n                                <a href=\"..\/..\/wp-content\/themes\/yodoq_theme2\/assets\/images\/product\/door_torimu03.jpg\" data-lightbox=\"demo\">\r\n                                    <img decoding=\"async\" src=\"..\/..\/wp-content\/themes\/yodoq_theme2\/assets\/images\/product\/door_torimu03.jpg\" alt=\"k\u1eb9p trang tr\u00ed c\u1eeda\">\r\n                                <\/a>\r\n                            <\/div>\r\n                            <div class=\"p_img\">\r\n                                <a href=\"..\/..\/wp-content\/themes\/yodoq_theme2\/assets\/images\/product\/door_torimu04.jpg\" data-lightbox=\"demo\">\r\n                                    <img decoding=\"async\" src=\"..\/..\/wp-content\/themes\/yodoq_theme2\/assets\/images\/product\/door_torimu04.jpg\" alt=\"k\u1eb9p trang tr\u00ed c\u1eeda\">\r\n                                <\/a>\r\n                            <\/div>\r\n                            <div class=\"p_img\">\r\n                                <a href=\"..\/..\/wp-content\/themes\/yodoq_theme2\/assets\/images\/product\/door_torimu05.jpg\" data-lightbox=\"demo\">\r\n                                    <img decoding=\"async\" src=\"..\/..\/wp-content\/themes\/yodoq_theme2\/assets\/images\/product\/door_torimu05.jpg\" alt=\"k\u1eb9p trang tr\u00ed c\u1eeda\">\r\n                                <\/a>\r\n                            <\/div>\r\n                        <\/div>\r\n                    <\/dd>\r\n                <\/dl>\r\n            <\/li>\r\n            <li>\r\n                <dl>\r\n                    <dt><span class=\"icon\">STEP.04<\/span>Ki\u1ec3m tra\/giao h\u00e0ng<\/dt>\r\n                    <dd>\r\n                        <p>\r\n                            Ch\u00fang t\u00f4i ti\u1ebfn h\u00e0nh ki\u1ec3m tra c\u1ea9n th\u1eadn \u0111\u1ec3 \u0111\u1ea3m b\u1ea3o s\u1ef1 h\u00e0i l\u00f2ng c\u1ee7a kh\u00e1ch h\u00e0ng.\r\n                        <\/p>\r\n                        <div class=\"flexbox\">\r\n                            <div class=\"p_img\">\r\n                                <a href=\"..\/..\/wp-content\/themes\/yodoq_theme2\/assets\/images\/product\/door_torimu06.jpg\" data-lightbox=\"demo\">\r\n                                    <img decoding=\"async\" src=\"..\/..\/wp-content\/themes\/yodoq_theme2\/assets\/images\/product\/door_torimu06.jpg\" alt=\"Ki\u1ec3m tra trang tr\u00ed c\u1eeda \/ l\u00f4 h\u00e0ng\">\r\n                                <\/a>\r\n                            <\/div>\r\n                        <\/div>\r\n                    <\/dd>\r\n                <\/dl>\r\n            <\/li>\r\n\r\n        <\/ul>\r\n    <\/div>\r\n<\/div>","protected":false},"excerpt":{"rendered":"b\u1ed9 phim V\u1ec1 trang tr\u00ed c\u1eeda Ch\u00fang t\u00f4i t\u1ea1o ra n\u1ed9i th\u1ea5t c\u1ee7a \u00f4 t\u00f4 b\u1eb1ng c\u00e1ch l\u1eafp r\u00e1p c\u00e1c b\u1ed9 ph\u1eadn ph\u00f9 h\u1ee3p v\u1edbi t\u1eebng ki\u1ec3 &hellip; <p class=\"link-more\"><a href=\"https:\/\/futaba-s.co.jp\/vi\/naisouseihin\/doatorimu.html\" class=\"more-link\">Continue reading<span class=\"screen-reader-text\"> &#8220;trang tr\u00ed c\u1eeda&#8221;<\/span><\/a><\/p>","protected":false},"author":5,"featured_media":461,"parent":542,"menu_order":0,"comment_status":"closed","ping_status":"closed","template":"","meta":{"_locale":"vi","_original_post":"http:\/\/futaba-s.co.jp\/?page_id=58","footnotes":""},"class_list":["post-566","page","type-page","status-publish","has-post-thumbnail","hentry","vi"],"aioseo_notices":[],"_links":{"self":[{"href":"https:\/\/futaba-s.co.jp\/wp-json\/wp\/v2\/pages\/566","targetHints":{"allow":["GET"]}}],"collection":[{"href":"https:\/\/futaba-s.co.jp\/wp-json\/wp\/v2\/pages"}],"about":[{"href":"https:\/\/futaba-s.co.jp\/wp-json\/wp\/v2\/types\/page"}],"author":[{"embeddable":true,"href":"https:\/\/futaba-s.co.jp\/wp-json\/wp\/v2\/users\/5"}],"replies":[{"embeddable":true,"href":"https:\/\/futaba-s.co.jp\/wp-json\/wp\/v2\/comments?post=566"}],"version-history":[{"count":4,"href":"https:\/\/futaba-s.co.jp\/wp-json\/wp\/v2\/pages\/566\/revisions"}],"predecessor-version":[{"id":909,"href":"https:\/\/futaba-s.co.jp\/wp-json\/wp\/v2\/pages\/566\/revisions\/909"}],"up":[{"embeddable":true,"href":"https:\/\/futaba-s.co.jp\/wp-json\/wp\/v2\/pages\/542"}],"wp:featuredmedia":[{"embeddable":true,"href":"https:\/\/futaba-s.co.jp\/wp-json\/wp\/v2\/media\/461"}],"wp:attachment":[{"href":"https:\/\/futaba-s.co.jp\/wp-json\/wp\/v2\/media?parent=566"}],"curies":[{"name":"wp","href":"https:\/\/api.w.org\/{rel}","templated":true}]}}