{"id":572,"date":"2023-07-31T17:37:48","date_gmt":"2023-07-31T08:37:48","guid":{"rendered":"http:\/\/futaba-s.co.jp\/?page_id=572"},"modified":"2025-03-04T16:16:30","modified_gmt":"2025-03-04T07:16:30","slug":"heddoresuto","status":"publish","type":"page","link":"https:\/\/futaba-s.co.jp\/vi\/naisouseihin\/heddoresuto.html","title":{"rendered":"t\u1ef1a \u0111\u1ea7u"},"content":{"rendered":"<div class=\"introduction_sub product_area\" data-scroll=\"a-fadeUp\">\r\n    <div class=\"g-box flexbox product_top\">\r\n  \r\n        <div class=\"mov\">\r\n  <div class=\"mov_ttl\">movie<\/div>\r\n              <a href=\"https:\/\/www.youtube.com\/embed\/w0cR1L9wHKw?loop=1&amp;playlist=w0cR1L9wHKw\" data-lity=\"data-lity\">\r\n                                  <img decoding=\"async\" src=\"..\/..\/wp-content\/themes\/yodoq_theme2\/assets\/images\/product\/head_movie.jpg\" alt=\"t\u1ef1a \u0111\u1ea7u video\">\r\n                              <\/a>\r\n        <\/div>\r\n        <div class=\"txt\">\r\n            <p class=\"main_txt\">\r\n                t\u1ef1a \u0111\u1ea7u\r\n            <\/p>\r\n            <p>\r\n                B\u1eb1ng c\u00e1ch t\u1ea1o b\u1ecdt cho v\u1ecf \u0111\u00e3 may c\u00f9ng v\u1edbi m\u00e1y t\u1ea1o b\u1ecdt, ch\u00fang t\u00f4i s\u1ea3n xu\u1ea5t c\u00e1c s\u1ea3n ph\u1ea9m t\u1ef1a \u0111\u1ea7u ch\u1ea5t l\u01b0\u1ee3ng cao, gi\u00e1 r\u1ebb h\u00e0ng ng\u00e0y.\r\n            <\/p>\r\n        <\/div>\r\n    <\/div>\r\n  <\/div>\r\n  <div class=\"introduction_sub product_area\" data-scroll=\"a-fadeUp\">\r\n    <div class=\"g-box product_step\">\r\n  <h2 class=\"step_ttl\">Quy tr\u00ecnh s\u1ea3n xu\u1ea5t<\/h2>\r\n  <p>\u203bNh\u1ea5p chu\u1ed9t v\u00e0o b\u1ee9c \u1ea3nh \u0111\u1ec3 ph\u00f3ng to.<\/p>\r\n        <ul class=\"flow\">\r\n            <li>\r\n                <dl>\r\n                    <dt class=\"sp-br-none\"><span class=\"icon\">STEP.01<\/span><span class=\"kugiri\">qu\u00e1 tr\u00ecnh may<\/span><br>\u1edf l\u1ea1i ch\u1ebf bi\u1ebfn<\/dt>\r\n                    <dd>Kh\u00e2u c\u00e1c ph\u1ea7n \u0111\u00e3 c\u1eaft l\u1ea1i v\u1edbi nhau \u0111\u1ec3 l\u00e0m v\u1ecf t\u1ef1a \u0111\u1ea7u.<br>B\u1ebb cong \u1ed1ng v\u00e0 t\u1ea1o m\u1ed9t r\u00e3nh cho chuy\u1ec3n \u0111\u1ed9ng \u0111\u1ec3 l\u00e0m t\u1ef1a \u0111\u1ea7u.<\/dd>\r\n                <\/dl>\r\n            <\/li>\r\n  \r\n            <li>\r\n                <dl>\r\n                    <dt><span class=\"icon\">STEP.02<\/span>cu\u1ed9c h\u1ecdp<\/dt>\r\n                    <dd>\r\n                        \r\n                        <div class=\"mrg_btm\">\r\n                          <p>\r\n                            G\u1eafn gi\u00e1 \u0111\u1ee1 v\u00e0o n\u1eafp\r\n                        <\/p>\r\n                          <div class=\"flexbox\">\r\n                            <div class=\"p_img\">\r\n                                <a href=\"..\/..\/wp-content\/themes\/yodoq_theme2\/assets\/images\/product\/head_10.jpg\" data-lightbox=\"demo\">\r\n                                    <img decoding=\"async\" src=\"..\/..\/wp-content\/themes\/yodoq_theme2\/assets\/images\/product\/head_10.jpg\" alt=\"c\u1ee5m t\u1ef1a \u0111\u1ea7u\">\r\n                                <\/a>\r\n                            <\/div>\r\n                            <div class=\"p_img\">\r\n                              <a href=\"..\/..\/wp-content\/themes\/yodoq_theme2\/assets\/images\/product\/head_11.jpg\" data-lightbox=\"demo\">\r\n                                  <img decoding=\"async\" src=\"..\/..\/wp-content\/themes\/yodoq_theme2\/assets\/images\/product\/head_11.jpg\" alt=\"c\u1ee5m t\u1ef1a \u0111\u1ea7u\">\r\n                              <\/a>\r\n                          <\/div>\r\n                        <\/div>\r\n                        <\/div>\r\n                        <div class=\"mrg_btm\">\r\n                          <p>\r\n                            \u0110\u1eb7t n\u1eafp v\u1edbi thanh gi\u1eef \u0111\u01b0\u1ee3c l\u1eafp v\u00e0o khu\u00f4n.\r\n                       <\/p>\r\n                       <div class=\"flexbox\">\r\n                           <div class=\"p_img\">\r\n                               <a href=\"..\/..\/wp-content\/themes\/yodoq_theme2\/assets\/images\/product\/head_12.jpg\" data-lightbox=\"demo\">\r\n                                   <img decoding=\"async\" src=\"..\/..\/wp-content\/themes\/yodoq_theme2\/assets\/images\/product\/head_12.jpg\" alt=\"c\u1ee5m t\u1ef1a \u0111\u1ea7u\">\r\n                               <\/a>\r\n                           <\/div>\r\n                       <\/div>\r\n                        <\/div>\r\n                    <\/dd>\r\n                <\/dl>\r\n            <\/li>\r\n            <li>\r\n                <dl>\r\n                    <dt><span class=\"icon\">STEP.04<\/span>ti\u00eam\/t\u1ea1o b\u1ecdt<\/dt>\r\n                    <dd>\r\n                        <p>\r\n                            Urethane \u0111\u01b0\u1ee3c b\u01a1m v\u00e0o l\u1edbp v\u1ecf \u0111\u1ec3 ho\u00e0n thi\u1ec7n ph\u1ea7n t\u1ef1a \u0111\u1ea7u.\r\n                        <\/p>\r\n                        <div class=\"flexbox\">\r\n                            <div class=\"p_img\">\r\n                                <a href=\"..\/..\/wp-content\/themes\/yodoq_theme2\/assets\/images\/product\/head_13.jpg\" data-lightbox=\"demo\">\r\n                                    <img decoding=\"async\" src=\"..\/..\/wp-content\/themes\/yodoq_theme2\/assets\/images\/product\/head_13.jpg\" alt=\"T\u1ef1a \u0111\u1ea7u phun\/t\u1ea1o b\u1ecdt\">\r\n                                <\/a>\r\n                            <\/div>\r\n                            <div class=\"p_img\">\r\n                                <a href=\"..\/..\/wp-content\/themes\/yodoq_theme2\/assets\/images\/product\/head_06.jpg\" data-lightbox=\"demo\">\r\n                                    <img decoding=\"async\" src=\"..\/..\/wp-content\/themes\/yodoq_theme2\/assets\/images\/product\/head_06.jpg\" alt=\"T\u1ef1a \u0111\u1ea7u phun\/t\u1ea1o b\u1ecdt\">\r\n                                <\/a>\r\n                            <\/div>\r\n                        <\/div>\r\n                    <\/dd>\r\n                <\/dl>\r\n            <\/li>\r\n            <li>\r\n                <dl>\r\n                    <dt><span class=\"icon\">STEP.05<\/span>Ki\u1ec3m tra\/giao h\u00e0ng<\/dt>\r\n                    <dd>\r\n                        <p>\r\n                            Ch\u00fang \u0111\u01b0\u1ee3c ki\u1ec3m tra v\u00e0 x\u1eed l\u00fd c\u1ea9n th\u1eadn tr\u01b0\u1edbc khi xu\u1ea5t x\u01b0\u1edfng.\r\n                        <\/p>\r\n                        <div class=\"flexbox\">\r\n                            <div class=\"p_img\">\r\n                                <a href=\"..\/..\/wp-content\/themes\/yodoq_theme2\/assets\/images\/product\/head_14.jpg\" data-lightbox=\"demo\">\r\n                                    <img decoding=\"async\" src=\"..\/..\/wp-content\/themes\/yodoq_theme2\/assets\/images\/product\/head_14.jpg\" alt=\"Ki\u1ec3m tra t\u1ef1a \u0111\u1ea7u v\u00e0 giao h\u00e0ng\">\r\n                                <\/a>\r\n                            <\/div>\r\n                            <div class=\"p_img\">\r\n                                <a href=\"..\/..\/wp-content\/themes\/yodoq_theme2\/assets\/images\/product\/head_09.jpg\" data-lightbox=\"demo\">\r\n                                    <img decoding=\"async\" src=\"..\/..\/wp-content\/themes\/yodoq_theme2\/assets\/images\/product\/head_09.jpg\" alt=\"Ki\u1ec3m tra t\u1ef1a \u0111\u1ea7u v\u00e0 giao h\u00e0ng\">\r\n                                <\/a>\r\n                            <\/div>\r\n                            <div class=\"p_img\">\r\n                                <a href=\"..\/..\/wp-content\/themes\/yodoq_theme2\/assets\/images\/product\/head_07.jpg\" data-lightbox=\"demo\">\r\n                                    <img decoding=\"async\" src=\"..\/..\/wp-content\/themes\/yodoq_theme2\/assets\/images\/product\/head_07.jpg\" alt=\"Ki\u1ec3m tra t\u1ef1a \u0111\u1ea7u v\u00e0 giao h\u00e0ng\">\r\n                                <\/a>\r\n                            <\/div>\r\n                            \r\n                        <\/div>\r\n                    <\/dd>\r\n                <\/dl>\r\n            <\/li>\r\n        <\/ul>\r\n    <\/div>\r\n  <\/div>","protected":false},"excerpt":{"rendered":"movie t\u1ef1a \u0111\u1ea7u B\u1eb1ng c\u00e1ch t\u1ea1o b\u1ecdt cho v\u1ecf \u0111\u00e3 may c\u00f9ng v\u1edbi m\u00e1y t\u1ea1o b\u1ecdt, ch\u00fang t\u00f4i s\u1ea3n xu\u1ea5t c\u00e1c s\u1ea3n ph\u1ea9m t\u1ef1a \u0111\u1ea7u ch &hellip; <p class=\"link-more\"><a href=\"https:\/\/futaba-s.co.jp\/vi\/naisouseihin\/heddoresuto.html\" class=\"more-link\">Continue reading<span class=\"screen-reader-text\"> &#8220;t\u1ef1a \u0111\u1ea7u&#8221;<\/span><\/a><\/p>","protected":false},"author":5,"featured_media":346,"parent":542,"menu_order":0,"comment_status":"closed","ping_status":"closed","template":"","meta":{"_locale":"vi","_original_post":"http:\/\/futaba-s.co.jp\/?page_id=56","footnotes":""},"class_list":["post-572","page","type-page","status-publish","has-post-thumbnail","hentry","vi"],"aioseo_notices":[],"_links":{"self":[{"href":"https:\/\/futaba-s.co.jp\/wp-json\/wp\/v2\/pages\/572","targetHints":{"allow":["GET"]}}],"collection":[{"href":"https:\/\/futaba-s.co.jp\/wp-json\/wp\/v2\/pages"}],"about":[{"href":"https:\/\/futaba-s.co.jp\/wp-json\/wp\/v2\/types\/page"}],"author":[{"embeddable":true,"href":"https:\/\/futaba-s.co.jp\/wp-json\/wp\/v2\/users\/5"}],"replies":[{"embeddable":true,"href":"https:\/\/futaba-s.co.jp\/wp-json\/wp\/v2\/comments?post=572"}],"version-history":[{"count":8,"href":"https:\/\/futaba-s.co.jp\/wp-json\/wp\/v2\/pages\/572\/revisions"}],"predecessor-version":[{"id":915,"href":"https:\/\/futaba-s.co.jp\/wp-json\/wp\/v2\/pages\/572\/revisions\/915"}],"up":[{"embeddable":true,"href":"https:\/\/futaba-s.co.jp\/wp-json\/wp\/v2\/pages\/542"}],"wp:featuredmedia":[{"embeddable":true,"href":"https:\/\/futaba-s.co.jp\/wp-json\/wp\/v2\/media\/346"}],"wp:attachment":[{"href":"https:\/\/futaba-s.co.jp\/wp-json\/wp\/v2\/media?parent=572"}],"curies":[{"name":"wp","href":"https:\/\/api.w.org\/{rel}","templated":true}]}}