{"id":578,"date":"2023-07-31T17:31:35","date_gmt":"2023-07-31T08:31:35","guid":{"rendered":"http:\/\/futaba-s.co.jp\/?page_id=578"},"modified":"2025-03-04T16:16:30","modified_gmt":"2025-03-04T07:16:30","slug":"ruufu","status":"publish","type":"page","link":"https:\/\/futaba-s.co.jp\/vi\/naisouseihin\/ruufu.html","title":{"rendered":"m\u00e1i nh\u00e0"},"content":{"rendered":"<div class=\"introduction_sub product_area\" data-scroll=\"a-fadeUp\">\r\n    <div class=\"g-box flexbox product_top\">\r\n\r\n        <div class=\"mov\">\r\n<div class=\"mov_ttl\">b\u1ed9 phim<\/div>\r\n<a href=\"https:\/\/www.youtube.com\/embed\/VQvGf8wu6qQ?loop=1&amp;playlist=VQvGf8wu6qQ\" data-lity=\"data-lity\">\r\n    <img decoding=\"async\" src=\"..\/..\/wp-content\/themes\/yodoq_theme2\/assets\/images\/product\/roof_movie.jpg\" alt=\"m\u00e1i nh\u00e0 video\">\r\n<\/a>\r\n        <\/div>\r\n        <div class=\"txt\">\r\n            <p class=\"main_txt\">\r\n                m\u00e1i nh\u00e0\r\n            <\/p>\r\n            <p>\r\n                Tr\u1ea7n \u0111\u00fac: M\u1ed9t m\u00e1i nh\u00e0 \u0111\u00f3ng vai tr\u00f2 l\u00e0 v\u1eadt li\u1ec7u tr\u1ea7n b\u00ean trong\r\n            <\/p>\r\n            <p>\r\n                Mang \u0111\u1ebfn kh\u00f4ng gian n\u1ed9i th\u1ea5t ti\u1ec7n nghi b\u1eb1ng c\u00e1ch \u0111\u00fac m\u1ecfng m\u00e0 v\u1eabn \u0111\u1ea3m b\u1ea3o an to\u00e0n.\r\n            <\/p>\r\n        <\/div>\r\n    <\/div>\r\n<\/div>\r\n<div class=\"introduction_sub product_area\" data-scroll=\"a-fadeUp\">\r\n    <div class=\"g-box product_step\">\r\n<h2 class=\"step_ttl\">Quy tr\u00ecnh s\u1ea3n xu\u1ea5t<\/h2>\r\n<p>\u203bNh\u1ea5p chu\u1ed9t v\u00e0o b\u1ee9c \u1ea3nh \u0111\u1ec3 ph\u00f3ng to.<\/p>\r\n        <ul class=\"flow\">\r\n            <li>\r\n                <dl>\r\n                    <dt><span class=\"icon\">STEP.01<\/span>mua nguy\u00ean v\u1eadt li\u1ec7u<\/dt>\r\n                    <dd>Ch\u00fang t\u00f4i \u0111\u1eb7t h\u00e0ng v\u00e0 mua b\u1ec1 m\u1eb7t, th\u1ea3m th\u1ee7y tinh, m\u1eb7t sau, urethane v\u00e0 nguy\u00ean li\u1ec7u th\u00f4: amin v\u00e0 isocyanate.<\/dd>\r\n                <\/dl>\r\n            <\/li>\r\n\r\n            <li>\r\n                <dl>\r\n                    <dt><span class=\"icon\">STEP.02<\/span>b\u1ed9 v\u1eadt li\u1ec7u<\/dt>\r\n                    <dd>\r\n                        <p>\r\n                            \u0110\u1eb7t c\u00e1c b\u1ed9 ph\u1eadn v\u00e0 v\u1eadt li\u1ec7u kh\u00e1c nhau trong m\u00e1y \u0111\u00fac.\r\n                        <\/p>\r\n                        <div class=\"flexbox\">\r\n                            <div class=\"p_img\">\r\n                                <a href=\"..\/..\/wp-content\/themes\/yodoq_theme2\/assets\/images\/product\/roof_06.jpg\" data-lightbox=\"demo\">\r\n                                    <img decoding=\"async\" src=\"..\/..\/wp-content\/themes\/yodoq_theme2\/assets\/images\/product\/roof_06.jpg\" alt=\"b\u1ed9 v\u1eadt li\u1ec7u m\u00e1i nh\u00e0\">\r\n                                <\/a>\r\n                                <p>l\u1edbp bi\u1ec3u b\u00ec, th\u1ea3m th\u1ee7y tinh<\/p>\r\n                            <\/div>\r\n                            <div class=\"p_img\">\r\n                                <a href=\"..\/..\/wp-content\/themes\/yodoq_theme2\/assets\/images\/product\/roof_07.jpg\" data-lightbox=\"demo\">\r\n                                    <img decoding=\"async\" src=\"..\/..\/wp-content\/themes\/yodoq_theme2\/assets\/images\/product\/roof_07.jpg\" alt=\"b\u1ed9 v\u1eadt li\u1ec7u m\u00e1i nh\u00e0\">\r\n                                <\/a>\r\n                                <p>M\u1eb7t sau, th\u1ea3m k\u00ednh<\/p>\r\n                            <\/div>\r\n                            <div class=\"p_img\">\r\n                                <a href=\"..\/..\/wp-content\/themes\/yodoq_theme2\/assets\/images\/product\/roof_08.jpg\" data-lightbox=\"demo\">\r\n                                    <img decoding=\"async\" src=\"..\/..\/wp-content\/themes\/yodoq_theme2\/assets\/images\/product\/roof_08.jpg\" alt=\"b\u1ed9 v\u1eadt li\u1ec7u m\u00e1i nh\u00e0\">\r\n                                <\/a>\r\n                                <p>ur\u00eatan<\/p>\r\n                            <\/div>\r\n                            <div class=\"p_img\">\r\n                                <a href=\"..\/..\/wp-content\/themes\/yodoq_theme2\/assets\/images\/product\/roof_09.jpg\" data-lightbox=\"demo\">\r\n                                    <img decoding=\"async\" src=\"..\/..\/wp-content\/themes\/yodoq_theme2\/assets\/images\/product\/roof_09.jpg\" alt=\"b\u1ed9 v\u1eadt li\u1ec7u m\u00e1i nh\u00e0\">\r\n                                <\/a>\r\n                                <p>amin<\/p>\r\n                            <\/div>\r\n                            <div class=\"p_img\">\r\n                                <a href=\"..\/..\/wp-content\/themes\/yodoq_theme2\/assets\/images\/product\/roof_10.jpg\" data-lightbox=\"demo\">\r\n                                    <img decoding=\"async\" src=\"..\/..\/wp-content\/themes\/yodoq_theme2\/assets\/images\/product\/roof_10.jpg\" alt=\"b\u1ed9 v\u1eadt li\u1ec7u m\u00e1i nh\u00e0\">\r\n                                <\/a>\r\n                                <p>isocyanat<\/p>\r\n                            <\/div>\r\n                        <\/div>\r\n                    <\/dd>\r\n                <\/dl>\r\n            <\/li>\r\n\r\n            <li>\r\n                <dl>\r\n                    <dt><span class=\"icon\">STEP.03<\/span>khu\u00f4n\/<br>c\u1eaft t\u1ec9a<\/dt>\r\n                    <dd>\r\n                        <p>\r\n                            C\u1eaft v\u1eadt li\u1ec7u \u21d2 V\u1eadn chuy\u1ec3n \u21d2 Nh\u1ea5n \u21d2 Khu\u00f4n<br>\r\n                            C\u1eaft t\u1ec9a: S\u1ea3n ph\u1ea9m \u0111\u00fac \u0111\u01b0\u1ee3c \u0111\u1eb7t trong khu\u00f4n v\u00e0 c\u1eaft th\u00e0nh h\u00ecnh b\u1eb1ng n\u01b0\u1edbc \u00e1p su\u1ea5t cao t\u1eeb b\u1ed1n robot.\r\n                        <\/p>\r\n                        <div class=\"flexbox\">\r\n                            <div class=\"p_img\">\r\n                                <a href=\"..\/..\/wp-content\/themes\/yodoq_theme2\/assets\/images\/product\/roof_02.jpg\" data-lightbox=\"demo\">\r\n                                    <img decoding=\"async\" src=\"..\/..\/wp-content\/themes\/yodoq_theme2\/assets\/images\/product\/roof_02.jpg\" alt=\"\u0110\u00fac\/trang tr\u00ed m\u00e1i nh\u00e0\">\r\n                                <\/a>\r\n                            <\/div>\r\n                            <div class=\"p_img\">\r\n                                <a href=\"..\/..\/wp-content\/themes\/yodoq_theme2\/assets\/images\/product\/roof_03.jpg\" data-lightbox=\"demo\">\r\n                                    <img decoding=\"async\" src=\"..\/..\/wp-content\/themes\/yodoq_theme2\/assets\/images\/product\/roof_03.jpg\" alt=\"\u0110\u00fac\/trang tr\u00ed m\u00e1i nh\u00e0\">\r\n                                <\/a>\r\n                            <\/div>\r\n                            <div class=\"p_img\">\r\n                                <a href=\"..\/..\/wp-content\/themes\/yodoq_theme2\/assets\/images\/product\/roof_05.jpg\" data-lightbox=\"demo\">\r\n                                    <img decoding=\"async\" src=\"..\/..\/wp-content\/themes\/yodoq_theme2\/assets\/images\/product\/roof_05.jpg\" alt=\"\u0110\u00fac\/trang tr\u00ed m\u00e1i nh\u00e0\">\r\n                                <\/a>\r\n                            <\/div>\r\n                        <\/div>\r\n                    <\/dd>\r\n                <\/dl>\r\n            <\/li>\r\n            <li>\r\n                <dl>\r\n                    <dt><span class=\"icon\">STEP.04<\/span>B\u00e0i ki\u1ec3m tra<\/dt>\r\n                    <dd>\r\n                        <p>\r\n                            Ki\u1ec3m tra b\u1eb1ng m\u1eaft th\u01b0\u1eddng b\u1ec1 ngo\u00e0i c\u1ee7a s\u1ea3n ph\u1ea9m xem c\u00f3 n\u1ebfp nh\u0103n, v\u1ebft n\u1ee9t, b\u1ee5i b\u1ea9n, v.v hay kh\u00f4ng.\r\n                        <\/p>\r\n                        <div class=\"flexbox\">\r\n                            <div class=\"p_img\">\r\n                                <a href=\"..\/..\/wp-content\/themes\/yodoq_theme2\/assets\/images\/product\/roof_04.jpg\" data-lightbox=\"demo\">\r\n                                    <img decoding=\"async\" src=\"..\/..\/wp-content\/themes\/yodoq_theme2\/assets\/images\/product\/roof_04.jpg\" alt=\"ki\u1ec3m tra m\u00e1i nh\u00e0\">\r\n                                <\/a>\r\n                            <\/div>\r\n                        <\/div>\r\n                    <\/dd>\r\n                <\/dl>\r\n            <\/li>\r\n            <li>\r\n                <dl>\r\n                    <dt><span class=\"icon\">STEP.05<\/span>\u0110ang chuy\u1ec3n h\u00e0ng<\/dt>\r\n                    <dd>\r\n                        <p>\r\n                            Ch\u00fang t\u00f4i s\u1ebd v\u1eadn chuy\u1ec3n c\u00e1c s\u1ea3n ph\u1ea9m sau khi ki\u1ec3m tra.\r\n                        <\/p>\r\n                    <\/dd>\r\n                <\/dl>\r\n            <\/li>\r\n        <\/ul>\r\n    <\/div>\r\n<\/div>","protected":false},"excerpt":{"rendered":"b\u1ed9 phim m\u00e1i nh\u00e0 Tr\u1ea7n \u0111\u00fac: M\u1ed9t m\u00e1i nh\u00e0 \u0111\u00f3ng vai tr\u00f2 l\u00e0 v\u1eadt li\u1ec7u tr\u1ea7n b\u00ean trong Mang \u0111\u1ebfn kh\u00f4ng gian n\u1ed9i th\u1ea5t ti\u1ec7 &hellip; <p class=\"link-more\"><a href=\"https:\/\/futaba-s.co.jp\/vi\/naisouseihin\/ruufu.html\" class=\"more-link\">Continue reading<span class=\"screen-reader-text\"> &#8220;m\u00e1i nh\u00e0&#8221;<\/span><\/a><\/p>","protected":false},"author":5,"featured_media":355,"parent":542,"menu_order":0,"comment_status":"closed","ping_status":"closed","template":"","meta":{"_locale":"vi","_original_post":"http:\/\/futaba-s.co.jp\/?page_id=63","footnotes":""},"class_list":["post-578","page","type-page","status-publish","has-post-thumbnail","hentry","vi"],"aioseo_notices":[],"_links":{"self":[{"href":"https:\/\/futaba-s.co.jp\/wp-json\/wp\/v2\/pages\/578","targetHints":{"allow":["GET"]}}],"collection":[{"href":"https:\/\/futaba-s.co.jp\/wp-json\/wp\/v2\/pages"}],"about":[{"href":"https:\/\/futaba-s.co.jp\/wp-json\/wp\/v2\/types\/page"}],"author":[{"embeddable":true,"href":"https:\/\/futaba-s.co.jp\/wp-json\/wp\/v2\/users\/5"}],"replies":[{"embeddable":true,"href":"https:\/\/futaba-s.co.jp\/wp-json\/wp\/v2\/comments?post=578"}],"version-history":[{"count":4,"href":"https:\/\/futaba-s.co.jp\/wp-json\/wp\/v2\/pages\/578\/revisions"}],"predecessor-version":[{"id":908,"href":"https:\/\/futaba-s.co.jp\/wp-json\/wp\/v2\/pages\/578\/revisions\/908"}],"up":[{"embeddable":true,"href":"https:\/\/futaba-s.co.jp\/wp-json\/wp\/v2\/pages\/542"}],"wp:featuredmedia":[{"embeddable":true,"href":"https:\/\/futaba-s.co.jp\/wp-json\/wp\/v2\/media\/355"}],"wp:attachment":[{"href":"https:\/\/futaba-s.co.jp\/wp-json\/wp\/v2\/media?parent=578"}],"curies":[{"name":"wp","href":"https:\/\/api.w.org\/{rel}","templated":true}]}}